{"id":22457,"date":"2026-04-10T18:44:04","date_gmt":"2026-04-10T18:44:04","guid":{"rendered":""},"modified":"2026-04-10T18:44:04","modified_gmt":"2026-04-10T18:44:04","slug":"kaevoru-puuvillast-mitmekihiline-bico-fb431blk","status":"publish","type":"product","link":"https:\/\/bico.ee\/fi\/p\/rannekoru-puuvillaa-monikerroksinen-bico-fb431blk\/","title":{"rendered":"Rannekoru puuvillaa, monikerroksinen Bico (FB431BLK)"},"content":{"rendered":"<p>Nimi: Vigilant<br \/>\n<BR><UL><LI> Merkitys: ikuisesti valpas<br \/>\n<\/LI><LI> Monis\u00e4ikeinen puuvillarannekoru, jossa on k\u00e4sinviimeistelty tinakallo ja liittimet<br \/>\n<\/LI><LI> Bico classic rannek\u00e4\u00e4re, jossa yhdistyv\u00e4t viisi s\u00e4iett\u00e4 mustaa 1 mm:n (.04&#8242;) puuvillanauhaa, kiinte\u00e4 tina-p\u00e4\u00e4kalloelementti ja liittimet, hapetettu musta ja sitten k\u00e4sin harjattu kohokohtien ja mattapinnan luomiseksi.<br \/>\n<\/LI><\/UL> <\/p>","protected":false},"excerpt":{"rendered":"<p>FB431BLK 0<\/p>\n","protected":false},"featured_media":22868,"template":"","meta":[],"product_cat":[106,159],"product_tag":[],"_links":{"self":[{"href":"https:\/\/bico.ee\/fi\/wp-json\/wp\/v2\/product\/22457"}],"collection":[{"href":"https:\/\/bico.ee\/fi\/wp-json\/wp\/v2\/product"}],"about":[{"href":"https:\/\/bico.ee\/fi\/wp-json\/wp\/v2\/types\/product"}],"wp:featuredmedia":[{"embeddable":true,"href":"https:\/\/bico.ee\/fi\/wp-json\/wp\/v2\/media\/22868"}],"wp:attachment":[{"href":"https:\/\/bico.ee\/fi\/wp-json\/wp\/v2\/media?parent=22457"}],"wp:term":[{"taxonomy":"product_cat","embeddable":true,"href":"https:\/\/bico.ee\/fi\/wp-json\/wp\/v2\/product_cat?post=22457"},{"taxonomy":"product_tag","embeddable":true,"href":"https:\/\/bico.ee\/fi\/wp-json\/wp\/v2\/product_tag?post=22457"}],"curies":[{"name":"wp","href":"https:\/\/api.w.org\/{rel}","templated":true}]}}