{"id":22474,"date":"2026-04-10T18:44:04","date_gmt":"2026-04-10T18:44:04","guid":{"rendered":""},"modified":"2026-04-10T18:44:04","modified_gmt":"2026-04-10T18:44:04","slug":"kaelakee-kummist-reguleeritav-bico-sba4","status":"publish","type":"product","link":"https:\/\/bico.ee\/fi\/p\/kaulakorukumi-saadettava-bico-sba4\/","title":{"rendered":"Kaulakorukumi, s\u00e4\u00e4dett\u00e4v\u00e4 BICO (SBA4)"},"content":{"rendered":"<p>Nimi: Circles<br \/>\n<BR><UL><LI> Merkitys: yhdell\u00e4 polulla jopa muuttuva<br \/>\n<\/LI><LI> S\u00e4\u00e4dett\u00e4v\u00e4 kumikaulakoru voidaan muuttaa 18 &#8211; 20 &#8211; 22 tuumaa (45 mm tai 50 tai 55 mm) pitk\u00e4.<br \/>\n<\/LI><LI> Alkuper\u00e4inen ja ainutlaatuinen Bico-muotoilu, jossa yhdistyv\u00e4t k\u00e4sinviimeistelty tinariipus s\u00e4\u00e4dett\u00e4v\u00e4\u00e4n 3 mm:n (0,12&#8242;) mustaan kuminauhaan.<br \/>\nS\u00e4\u00e4dett\u00e4v\u00e4n kaulakorun pituus voidaan muuttaa 18 tuumasta (45 mm) 22 tuumaan (55 mm) k\u00e4ytt\u00e4m\u00e4ll\u00e4 integroitua ter\u00e4sketjuelementti\u00e4<br \/>\nSaatavana 5 mallia: SBA1 &#8211; SBA5<br \/>\n<\/LI><\/UL> <\/p>","protected":false},"excerpt":{"rendered":"<p>SBA4 825873079379<\/p>\n","protected":false},"featured_media":22893,"template":"","meta":[],"product_cat":[169],"product_tag":[],"_links":{"self":[{"href":"https:\/\/bico.ee\/fi\/wp-json\/wp\/v2\/product\/22474"}],"collection":[{"href":"https:\/\/bico.ee\/fi\/wp-json\/wp\/v2\/product"}],"about":[{"href":"https:\/\/bico.ee\/fi\/wp-json\/wp\/v2\/types\/product"}],"wp:featuredmedia":[{"embeddable":true,"href":"https:\/\/bico.ee\/fi\/wp-json\/wp\/v2\/media\/22893"}],"wp:attachment":[{"href":"https:\/\/bico.ee\/fi\/wp-json\/wp\/v2\/media?parent=22474"}],"wp:term":[{"taxonomy":"product_cat","embeddable":true,"href":"https:\/\/bico.ee\/fi\/wp-json\/wp\/v2\/product_cat?post=22474"},{"taxonomy":"product_tag","embeddable":true,"href":"https:\/\/bico.ee\/fi\/wp-json\/wp\/v2\/product_tag?post=22474"}],"curies":[{"name":"wp","href":"https:\/\/api.w.org\/{rel}","templated":true}]}}