{"id":22588,"date":"2026-04-10T18:44:04","date_gmt":"2026-04-10T18:44:04","guid":{"rendered":""},"modified":"2026-04-10T18:44:04","modified_gmt":"2026-04-10T18:44:04","slug":"kett-ripatsiga-teras-rf1p17a","status":"publish","type":"product","link":"https:\/\/bico.ee\/fi\/p\/ketju-riipuksella-teras-rf1p17a\/","title":{"rendered":"Ketju riipuksella, ter\u00e4s (RF1P17A)"},"content":{"rendered":"<p>Nimi: Timantit karkeissa<br \/>\n <\/p>\n<ul>\n<li>Merkitys: jokaisessa on t\u00e4hti\n<\/li>\n<li>Kiinte\u00e4 hapettunut tinasarja, jossa on 31,5 tuuman (80 cm) ter\u00e4sketju\n<\/li>\n<li>31,5 \u2033 (80 cm) ter\u00e4sketju, joka on p\u00e4\u00e4llystetty eritt\u00e4in kovalla l\u00e4pin\u00e4kyv\u00e4ll\u00e4 kerroksella yhdistettyn\u00e4 tinan riipushapetulla mustalla ja sitten harjattuna korosteiden ja mattapinnan luomiseksi.<br \/>\nSaatavana 9 mallia: RF1P15 &#8211; RF1P22\n<\/li>\n<\/ul>\n<p> <\/p>","protected":false},"excerpt":{"rendered":"<p>RF1P17A 825873077627<\/p>\n","protected":false},"featured_media":22973,"template":"","meta":[],"product_cat":[169],"product_tag":[],"_links":{"self":[{"href":"https:\/\/bico.ee\/fi\/wp-json\/wp\/v2\/product\/22588"}],"collection":[{"href":"https:\/\/bico.ee\/fi\/wp-json\/wp\/v2\/product"}],"about":[{"href":"https:\/\/bico.ee\/fi\/wp-json\/wp\/v2\/types\/product"}],"wp:featuredmedia":[{"embeddable":true,"href":"https:\/\/bico.ee\/fi\/wp-json\/wp\/v2\/media\/22973"}],"wp:attachment":[{"href":"https:\/\/bico.ee\/fi\/wp-json\/wp\/v2\/media?parent=22588"}],"wp:term":[{"taxonomy":"product_cat","embeddable":true,"href":"https:\/\/bico.ee\/fi\/wp-json\/wp\/v2\/product_cat?post=22588"},{"taxonomy":"product_tag","embeddable":true,"href":"https:\/\/bico.ee\/fi\/wp-json\/wp\/v2\/product_tag?post=22588"}],"curies":[{"name":"wp","href":"https:\/\/api.w.org\/{rel}","templated":true}]}}