{"id":24703,"date":"2026-04-10T18:44:04","date_gmt":"2026-04-10T18:44:04","guid":{"rendered":""},"modified":"2026-04-10T18:44:04","modified_gmt":"2026-04-10T18:44:04","slug":"ripats-keldi-iiri-rist-t1150","status":"publish","type":"product","link":"https:\/\/bico.ee\/fi\/p\/riipus-celtic-irish-cross-t1150\/","title":{"rendered":"Riipus &#8220;Celtic Irish Cross&#8221; (T1150)"},"content":{"rendered":"<p>Nimi:Celtic Irish Cross<br \/>\n<BR><UL><LI> Ruostumattomasta ter\u00e4ksest\u00e4 valmistetut riipukset<br \/>\n<\/LI><LI> Vanha rakkaus, kuten tied\u00e4t, ei ruostu, ja riipustemme l\u00e4\u00e4ketieteellinen ter\u00e4s on sit\u00e4kin enemm\u00e4n. Ne eiv\u00e4t my\u00f6sk\u00e4\u00e4n mene pois muodista, koska t\u00e4m\u00e4n est\u00e4\u00e4 symbolismin universaalisuus, joka on usein lainattu useiden eri kulttuurien visuaalisesta arsenaalista: kelttil\u00e4inen, egyptil\u00e4inen, slaavilainen jne.<br \/>\n<\/LI><LI> Minimi rei\u00e4n halkaisija 5mm<br \/>\n<\/LI><\/UL><\/p>","protected":false},"excerpt":{"rendered":"<p>T1150 0<\/p>\n","protected":false},"featured_media":25275,"template":"","meta":[],"product_cat":[179],"product_tag":[],"_links":{"self":[{"href":"https:\/\/bico.ee\/fi\/wp-json\/wp\/v2\/product\/24703"}],"collection":[{"href":"https:\/\/bico.ee\/fi\/wp-json\/wp\/v2\/product"}],"about":[{"href":"https:\/\/bico.ee\/fi\/wp-json\/wp\/v2\/types\/product"}],"wp:featuredmedia":[{"embeddable":true,"href":"https:\/\/bico.ee\/fi\/wp-json\/wp\/v2\/media\/25275"}],"wp:attachment":[{"href":"https:\/\/bico.ee\/fi\/wp-json\/wp\/v2\/media?parent=24703"}],"wp:term":[{"taxonomy":"product_cat","embeddable":true,"href":"https:\/\/bico.ee\/fi\/wp-json\/wp\/v2\/product_cat?post=24703"},{"taxonomy":"product_tag","embeddable":true,"href":"https:\/\/bico.ee\/fi\/wp-json\/wp\/v2\/product_tag?post=24703"}],"curies":[{"name":"wp","href":"https:\/\/api.w.org\/{rel}","templated":true}]}}