{"id":24733,"date":"2026-04-10T18:44:04","date_gmt":"2026-04-10T18:44:04","guid":{"rendered":""},"modified":"2026-04-10T18:44:04","modified_gmt":"2026-04-10T18:44:04","slug":"keti-kaelakee-river-t100-2-7mm","status":"publish","type":"product","link":"https:\/\/bico.ee\/fi\/p\/ketjukaulakoru-river-t100-2-7mm\/","title":{"rendered":"Ketjukaulakoru  &#8220;River&#8221; (T100) 2,7mm"},"content":{"rendered":"<p>Nimi:River<br \/>\n<BR><UL><LI> Ruostumattomasta ter\u00e4ksest\u00e4 valmistetut ketjut<br \/>\n<\/LI><LI> Pinnoittamaton kirurginen ter\u00e4sketju. Tuote ei haalistu ajan my\u00f6t\u00e4 ja s\u00e4ilytt\u00e4\u00e4 kirkkaan v\u00e4rins\u00e4 ja metallikiillonsa pitk\u00e4\u00e4n. Koriste sopii ihanteellisesti jokaiseen p\u00e4iv\u00e4\u00e4n. L\u00e4\u00e4ketieteellisest\u00e4 ter\u00e4ksest\u00e4 valmistetut ketjut eiv\u00e4t pelk\u00e4\u00e4 vett\u00e4 eiv\u00e4tk\u00e4 ruostu, eiv\u00e4t \u00e4rsyt\u00e4 ihoa, ovat vahvoja ja kest\u00e4vi\u00e4 eiv\u00e4tk\u00e4 tummu ajan my\u00f6t\u00e4.<br \/>\n<\/LI><\/UL><\/p>","protected":false},"excerpt":{"rendered":"<p>T100 0<\/p>\n","protected":false},"featured_media":26534,"template":"","meta":[],"product_cat":[172],"product_tag":[],"_links":{"self":[{"href":"https:\/\/bico.ee\/fi\/wp-json\/wp\/v2\/product\/24733"}],"collection":[{"href":"https:\/\/bico.ee\/fi\/wp-json\/wp\/v2\/product"}],"about":[{"href":"https:\/\/bico.ee\/fi\/wp-json\/wp\/v2\/types\/product"}],"wp:featuredmedia":[{"embeddable":true,"href":"https:\/\/bico.ee\/fi\/wp-json\/wp\/v2\/media\/26534"}],"wp:attachment":[{"href":"https:\/\/bico.ee\/fi\/wp-json\/wp\/v2\/media?parent=24733"}],"wp:term":[{"taxonomy":"product_cat","embeddable":true,"href":"https:\/\/bico.ee\/fi\/wp-json\/wp\/v2\/product_cat?post=24733"},{"taxonomy":"product_tag","embeddable":true,"href":"https:\/\/bico.ee\/fi\/wp-json\/wp\/v2\/product_tag?post=24733"}],"curies":[{"name":"wp","href":"https:\/\/api.w.org\/{rel}","templated":true}]}}