{"id":26650,"date":"2026-04-10T18:44:04","date_gmt":"2026-04-10T18:44:04","guid":{"rendered":""},"modified":"2026-04-10T18:44:04","modified_gmt":"2026-04-10T18:44:04","slug":"harjatud-terasest-kuulkett-bico-ssf03-2mm-3x-kuulid-latt","status":"publish","type":"product","link":"https:\/\/bico.ee\/fi\/p\/palloketju-jauhettu-teras-bico-ssf03-2-mm-3xball-1-tanko\/","title":{"rendered":"Palloketju jauhettu ter\u00e4s bico (SSF03) 2 mm 3xBall + 1 tanko"},"content":{"rendered":"<p>T\u00e4m\u00e4 palloketju on valmistettu ruostumattomasta ter\u00e4ksest\u00e4, hiottu k\u00e4sin ja sille on annettu pehme\u00e4 mattapinta. L\u00e4hes ikuinen materiaali, joka ei vaadi hoitoa menett\u00e4m\u00e4tt\u00e4 tyylikkyytt\u00e4\u00e4n. Pituutta voidaan s\u00e4\u00e4t\u00e4\u00e4 pujottamalla ketju lukon l\u00e4pi, ja ketjua voidaan lyhent\u00e4\u00e4 leikkaamalla lenkkien v\u00e4liin. Saatavilla oleva pituus: 40-75cm mallista riippuen. Bico tarjoaa valikoiman alkuper\u00e4isi\u00e4 jousituksia t\u00e4ydent\u00e4m\u00e4\u00e4n E-sarjan sarjaa ja vastaavia.<\/p>","protected":false},"excerpt":{"rendered":"<p>SSF03 0<\/p>\n","protected":false},"featured_media":27119,"template":"","meta":[],"product_cat":[199],"product_tag":[],"_links":{"self":[{"href":"https:\/\/bico.ee\/fi\/wp-json\/wp\/v2\/product\/26650"}],"collection":[{"href":"https:\/\/bico.ee\/fi\/wp-json\/wp\/v2\/product"}],"about":[{"href":"https:\/\/bico.ee\/fi\/wp-json\/wp\/v2\/types\/product"}],"wp:featuredmedia":[{"embeddable":true,"href":"https:\/\/bico.ee\/fi\/wp-json\/wp\/v2\/media\/27119"}],"wp:attachment":[{"href":"https:\/\/bico.ee\/fi\/wp-json\/wp\/v2\/media?parent=26650"}],"wp:term":[{"taxonomy":"product_cat","embeddable":true,"href":"https:\/\/bico.ee\/fi\/wp-json\/wp\/v2\/product_cat?post=26650"},{"taxonomy":"product_tag","embeddable":true,"href":"https:\/\/bico.ee\/fi\/wp-json\/wp\/v2\/product_tag?post=26650"}],"curies":[{"name":"wp","href":"https:\/\/api.w.org\/{rel}","templated":true}]}}