{"id":26784,"date":"2026-04-10T18:44:05","date_gmt":"2026-04-10T18:44:05","guid":{"rendered":""},"modified":"2026-04-10T18:44:05","modified_gmt":"2026-04-10T18:44:05","slug":"harjatud-terasest-kett-stylus-bico-ssf100","status":"publish","type":"product","link":"https:\/\/bico.ee\/fi\/p\/ketjut-stylus-harjattu-teras-bico-ssf100\/","title":{"rendered":"Ketjut Stylus harjattu ter\u00e4s Bico (SSF100)"},"content":{"rendered":"<p>T\u00e4m\u00e4 ketju on valmistettu ruostumattomasta ter\u00e4ksest\u00e4, hiottu k\u00e4sin ja saanut pehme\u00e4n mattapinnan. L\u00e4hes ikuinen materiaali, joka ei vaadi hoitoa menett\u00e4m\u00e4tt\u00e4 tyylikkyytt\u00e4\u00e4n. Saatavilla oleva pituus: 40-75cm mallista riippuen. Bico tarjoaa valikoiman alkuper\u00e4isi\u00e4 jousituksia t\u00e4ydent\u00e4m\u00e4\u00e4n E-sarjan sarjaa ja vastaavia.<\/p>","protected":false},"excerpt":{"rendered":"<p>SSF100 0<\/p>\n","protected":false},"featured_media":26791,"template":"","meta":[],"product_cat":[199],"product_tag":[],"_links":{"self":[{"href":"https:\/\/bico.ee\/fi\/wp-json\/wp\/v2\/product\/26784"}],"collection":[{"href":"https:\/\/bico.ee\/fi\/wp-json\/wp\/v2\/product"}],"about":[{"href":"https:\/\/bico.ee\/fi\/wp-json\/wp\/v2\/types\/product"}],"wp:featuredmedia":[{"embeddable":true,"href":"https:\/\/bico.ee\/fi\/wp-json\/wp\/v2\/media\/26791"}],"wp:attachment":[{"href":"https:\/\/bico.ee\/fi\/wp-json\/wp\/v2\/media?parent=26784"}],"wp:term":[{"taxonomy":"product_cat","embeddable":true,"href":"https:\/\/bico.ee\/fi\/wp-json\/wp\/v2\/product_cat?post=26784"},{"taxonomy":"product_tag","embeddable":true,"href":"https:\/\/bico.ee\/fi\/wp-json\/wp\/v2\/product_tag?post=26784"}],"curies":[{"name":"wp","href":"https:\/\/api.w.org\/{rel}","templated":true}]}}