{"id":26833,"date":"2026-04-10T18:44:05","date_gmt":"2026-04-10T18:44:05","guid":{"rendered":""},"modified":"2026-04-10T18:44:05","modified_gmt":"2026-04-10T18:44:05","slug":"harjatud-terasest-kaevoru-bico-ssfb022-5mm","status":"publish","type":"product","link":"https:\/\/bico.ee\/fi\/p\/rannekoru-harjattu-teras-bico-ssfb022-5-mm\/","title":{"rendered":"Rannekoru harjattu ter\u00e4s Bico (SSFB022) 5 mm"},"content":{"rendered":"<p>T\u00e4m\u00e4 rannekoru on valmistettu ruostumattomasta ter\u00e4ksest\u00e4, k\u00e4sin kiillotettu ja pehme\u00e4 mattapinta. L\u00e4hes ikuinen materiaali, joka ei vaadi hoitoa menett\u00e4m\u00e4tt\u00e4 tyylikkyytt\u00e4\u00e4n. Saatavilla oleva pituus: 18,21,24cm mallista riippuen. Bico tarjoutuu t\u00e4ydent\u00e4m\u00e4\u00e4n rannekorua ketjuilla alkuper\u00e4isill\u00e4 riipuksilla sarjan t\u00e4ydent\u00e4miseksi.<\/p>","protected":false},"excerpt":{"rendered":"<p>SSFB022 0<\/p>\n","protected":false},"featured_media":26847,"template":"","meta":[],"product_cat":[311,106],"product_tag":[],"_links":{"self":[{"href":"https:\/\/bico.ee\/fi\/wp-json\/wp\/v2\/product\/26833"}],"collection":[{"href":"https:\/\/bico.ee\/fi\/wp-json\/wp\/v2\/product"}],"about":[{"href":"https:\/\/bico.ee\/fi\/wp-json\/wp\/v2\/types\/product"}],"wp:featuredmedia":[{"embeddable":true,"href":"https:\/\/bico.ee\/fi\/wp-json\/wp\/v2\/media\/26847"}],"wp:attachment":[{"href":"https:\/\/bico.ee\/fi\/wp-json\/wp\/v2\/media?parent=26833"}],"wp:term":[{"taxonomy":"product_cat","embeddable":true,"href":"https:\/\/bico.ee\/fi\/wp-json\/wp\/v2\/product_cat?post=26833"},{"taxonomy":"product_tag","embeddable":true,"href":"https:\/\/bico.ee\/fi\/wp-json\/wp\/v2\/product_tag?post=26833"}],"curies":[{"name":"wp","href":"https:\/\/api.w.org\/{rel}","templated":true}]}}