{"id":27966,"date":"2026-04-10T18:44:05","date_gmt":"2026-04-10T18:44:05","guid":{"rendered":""},"modified":"2026-04-10T18:44:05","modified_gmt":"2026-04-10T18:44:05","slug":"adapteri-rongas-bico-ripatsile-l11-13mm","status":"publish","type":"product","link":"https:\/\/bico.ee\/fi\/p\/adapterirengas-bico-riipukselle-l11-13mm\/","title":{"rendered":"Adapterirengas BICO-riipukselle (L11) 13mm"},"content":{"rendered":"<p>T\u00e4t\u00e4 rengasta k\u00e4ytet\u00e4\u00e4n, jos haluat:<br \/>\n<BR><UL><LI>K\u00e4ytt\u00e4\u00e4 useita riipuksia samalla ketjulla tai kaulakorussa samanaikaisesti.<\/LI> <LI>Riipuksen silmukka on liian pieni, jotta sen voisi laittaa ketjuun tai kaulakoruun.<\/LI> <LI>BICO-kaulakorun mukana tullut rengas on kadonnut.<\/LI> <LI>Silmukoiden halkaisijat: L1 = 15 mm, L2 = 11 mm, L3 = 10 mm, L10 = 13 mm, L11 = 13 mm<\/LI><\/UL><\/p>","protected":false},"excerpt":{"rendered":"<p>L11 PIGU60685189<\/p>\n","protected":false},"featured_media":27984,"template":"","meta":[],"product_cat":[303],"product_tag":[],"_links":{"self":[{"href":"https:\/\/bico.ee\/fi\/wp-json\/wp\/v2\/product\/27966"}],"collection":[{"href":"https:\/\/bico.ee\/fi\/wp-json\/wp\/v2\/product"}],"about":[{"href":"https:\/\/bico.ee\/fi\/wp-json\/wp\/v2\/types\/product"}],"wp:featuredmedia":[{"embeddable":true,"href":"https:\/\/bico.ee\/fi\/wp-json\/wp\/v2\/media\/27984"}],"wp:attachment":[{"href":"https:\/\/bico.ee\/fi\/wp-json\/wp\/v2\/media?parent=27966"}],"wp:term":[{"taxonomy":"product_cat","embeddable":true,"href":"https:\/\/bico.ee\/fi\/wp-json\/wp\/v2\/product_cat?post=27966"},{"taxonomy":"product_tag","embeddable":true,"href":"https:\/\/bico.ee\/fi\/wp-json\/wp\/v2\/product_tag?post=27966"}],"curies":[{"name":"wp","href":"https:\/\/api.w.org\/{rel}","templated":true}]}}