{"id":28220,"date":"2026-04-10T18:44:00","date_gmt":"2026-04-10T18:44:00","guid":{"rendered":""},"modified":"2026-04-10T18:44:00","modified_gmt":"2026-04-10T18:44:00","slug":"bico-6-mm-tumepruun-punutud-nahast-kaelakee-kasitsi-valmistatud-kinnituste-ja-aasaga-cl15-darkbrown","status":"publish","type":"product","link":"https:\/\/bico.ee\/fi\/p\/bico-6-mm-tummanruskea-punotusta-nahasta-valmistettu-kaulakoru-kasintehdyilla-lukoilla-ja-lenkilla-cl15-darkbrown\/","title":{"rendered":"Bico 6 mm tummanruskea punotusta nahasta valmistettu kaulakoru, k\u00e4sintehdyill\u00e4 lukoilla ja lenkill\u00e4 (CL15 DarkBrown)"},"content":{"rendered":"<p>BICO-nahkatuotteet valmistetaan k\u00e4ytt\u00e4en ainoastaan aitoa naudannahkaa. Koska nahka on luonnonmateriaali, jokaisen tuotteen v\u00e4ri ja tekstuuri voivat hieman vaihdella.<BR><UL><LI>Valmistettu k\u00e4ytt\u00e4en 5 mm punottua nahkany\u00f6ri\u00e4 ja satiinipintaista ruostumatonta ter\u00e4st\u00e4.<\/LI><LI>Saatavilla olevat v\u00e4rit: musta, ruskea, tummanruskea <\/LI><LI>Saatavilla olevat pituudet: 40, 45, 50, 55 ja 65 cm<\/LI><LI>Bico tarjoaa valikoiman alkuper\u00e4isi\u00e4 riipuksia setin viimeistelyyn<\/LI><\/UL><\/p>","protected":false},"excerpt":{"rendered":"<p>CL15DKBR 0<\/p>\n","protected":false},"featured_media":28279,"template":"","meta":[],"product_cat":[313],"product_tag":[],"_links":{"self":[{"href":"https:\/\/bico.ee\/fi\/wp-json\/wp\/v2\/product\/28220"}],"collection":[{"href":"https:\/\/bico.ee\/fi\/wp-json\/wp\/v2\/product"}],"about":[{"href":"https:\/\/bico.ee\/fi\/wp-json\/wp\/v2\/types\/product"}],"wp:featuredmedia":[{"embeddable":true,"href":"https:\/\/bico.ee\/fi\/wp-json\/wp\/v2\/media\/28279"}],"wp:attachment":[{"href":"https:\/\/bico.ee\/fi\/wp-json\/wp\/v2\/media?parent=28220"}],"wp:term":[{"taxonomy":"product_cat","embeddable":true,"href":"https:\/\/bico.ee\/fi\/wp-json\/wp\/v2\/product_cat?post=28220"},{"taxonomy":"product_tag","embeddable":true,"href":"https:\/\/bico.ee\/fi\/wp-json\/wp\/v2\/product_tag?post=28220"}],"curies":[{"name":"wp","href":"https:\/\/api.w.org\/{rel}","templated":true}]}}