{"id":28345,"date":"2026-04-10T18:44:04","date_gmt":"2026-04-10T18:44:04","guid":{"rendered":""},"modified":"2026-04-10T18:44:04","modified_gmt":"2026-04-10T18:44:04","slug":"kaevoru-nahast-bico-fb403na","status":"publish","type":"product","link":"https:\/\/bico.ee\/fi\/p\/rannekoru-nahkainen-bico-fb403na\/","title":{"rendered":"Rannekoru nahkainen Bico (FB403NA)"},"content":{"rendered":"<p>Nimi: Double Bolo<br \/>\n<BR><UL><LI> Kaksis\u00e4ikeinen .24\u2033 (6 mm) vaaleanruskea nahkainen bolo-rannekoru, jossa on k\u00e4sin viimeistellyt tinaseoksesta valmistetut liitososat<br \/>\n<\/LI><LI> Klassinen Bico vaaleanruskea nahkainen kaksinkertainen .24\u2033 (6 mm) bolo-rannekoru, yhdistettyn\u00e4 massiiviseen tinaseosliitososaan, joka on oksidoitu mustaksi ja sen j\u00e4lkeen k\u00e4sin harjattu korostusten ja mattapinnan luomiseksi. <\/LI><\/UL><\/p>","protected":false},"excerpt":{"rendered":"<p>FB403NA 0<\/p>\n","protected":false},"featured_media":28349,"template":"","meta":[],"product_cat":[106,159],"product_tag":[],"_links":{"self":[{"href":"https:\/\/bico.ee\/fi\/wp-json\/wp\/v2\/product\/28345"}],"collection":[{"href":"https:\/\/bico.ee\/fi\/wp-json\/wp\/v2\/product"}],"about":[{"href":"https:\/\/bico.ee\/fi\/wp-json\/wp\/v2\/types\/product"}],"wp:featuredmedia":[{"embeddable":true,"href":"https:\/\/bico.ee\/fi\/wp-json\/wp\/v2\/media\/28349"}],"wp:attachment":[{"href":"https:\/\/bico.ee\/fi\/wp-json\/wp\/v2\/media?parent=28345"}],"wp:term":[{"taxonomy":"product_cat","embeddable":true,"href":"https:\/\/bico.ee\/fi\/wp-json\/wp\/v2\/product_cat?post=28345"},{"taxonomy":"product_tag","embeddable":true,"href":"https:\/\/bico.ee\/fi\/wp-json\/wp\/v2\/product_tag?post=28345"}],"curies":[{"name":"wp","href":"https:\/\/api.w.org\/{rel}","templated":true}]}}