{"id":28363,"date":"2026-04-10T18:43:59","date_gmt":"2026-04-10T18:43:59","guid":{"rendered":""},"modified":"2026-04-10T18:43:59","modified_gmt":"2026-04-10T18:43:59","slug":"bico-rain-ketikaelakee-f13blk-3mm-1-8","status":"publish","type":"product","link":"https:\/\/bico.ee\/fi\/p\/bico-rain-ketjukaulakoru-f13blk-3mm-1-8\/","title":{"rendered":"Bico &#8220;Rain&#8221;  ketjukaulakoru (F13BLK) 3mm 1\/8\u2033"},"content":{"rendered":"<p>T\u00e4m\u00e4 ketju on valmistettu kiinte\u00e4st\u00e4 messingist\u00e4, ei ter\u00e4ksest\u00e4 tai sinkist\u00e4, kuten halvemmat ketjut. Ketju on p\u00e4\u00e4llystetty mustalla viimeistelyll\u00e4, k\u00e4sin kiillotettu ja sitten p\u00e4\u00e4llystetty ensiluokkaisella suojakerroksella pident\u00e4\u00e4kseen k\u00e4ytt\u00f6ik\u00e4\u00e4. Jokainen ketju on valmistettu kiinte\u00e4st\u00e4 messingist\u00e4 ja sitten p\u00e4\u00e4llystetty mustan viimeistelyn aikaansaamiseksi. Saatavana mustana tai hopeana pituuksina: 40, 45, 50, 55 ja 65 cm. Bico tarjoaa valikoiman alkuper\u00e4isi\u00e4 riipuksia tai vastaavaa mustaa rannerengasta (FB13BLK) sarjan t\u00e4ydent\u00e4miseksi.<\/p>","protected":false},"excerpt":{"rendered":"<p>F13BLK 0<\/p>\n","protected":false},"featured_media":28369,"template":"","meta":[],"product_cat":[199],"product_tag":[],"_links":{"self":[{"href":"https:\/\/bico.ee\/fi\/wp-json\/wp\/v2\/product\/28363"}],"collection":[{"href":"https:\/\/bico.ee\/fi\/wp-json\/wp\/v2\/product"}],"about":[{"href":"https:\/\/bico.ee\/fi\/wp-json\/wp\/v2\/types\/product"}],"wp:featuredmedia":[{"embeddable":true,"href":"https:\/\/bico.ee\/fi\/wp-json\/wp\/v2\/media\/28369"}],"wp:attachment":[{"href":"https:\/\/bico.ee\/fi\/wp-json\/wp\/v2\/media?parent=28363"}],"wp:term":[{"taxonomy":"product_cat","embeddable":true,"href":"https:\/\/bico.ee\/fi\/wp-json\/wp\/v2\/product_cat?post=28363"},{"taxonomy":"product_tag","embeddable":true,"href":"https:\/\/bico.ee\/fi\/wp-json\/wp\/v2\/product_tag?post=28363"}],"curies":[{"name":"wp","href":"https:\/\/api.w.org\/{rel}","templated":true}]}}