{"id":7940,"date":"2021-08-26T13:07:06","date_gmt":"2021-08-26T10:07:06","guid":{"rendered":"https:\/\/bico.ee\/et\/?page_id=7940"},"modified":"2022-03-04T18:09:52","modified_gmt":"2022-03-04T15:09:52","slug":"tingimused","status":"publish","type":"page","link":"https:\/\/bico.ee\/lt\/salygos-ir-susitarimai\/","title":{"rendered":"S\u0105lygos ir susitarimai"},"content":{"rendered":"<p class=\"qtranxs-available-languages-message qtranxs-available-languages-message-lt\">Atsipra\u0161ome, \u0161is puslapis galimas tik <a href=\"https:\/\/bico.ee\/et\/wp-json\/wp\/v2\/pages\/7940\" class=\"qtranxs-available-language-link qtranxs-available-language-link-et\" title=\"Eesti\">Est\u0173<\/a> ir <a href=\"https:\/\/bico.ee\/ru\/wp-json\/wp\/v2\/pages\/7940\" class=\"qtranxs-available-language-link qtranxs-available-language-link-ru\" title=\"\u0420\u0443\u0441\u0441\u043a\u0438\u0439\">\u0420\u0443\u0441\u0441\u043a\u0438\u0439<\/a>.<\/p>","protected":false},"excerpt":{"rendered":"<p>Atsipra\u0161ome, \u0161is puslapis galimas tik Est\u0173 ir \u0420\u0443\u0441\u0441\u043a\u0438\u0439.<\/p>\n","protected":false},"author":1,"featured_media":0,"parent":0,"menu_order":0,"comment_status":"closed","ping_status":"closed","template":"","meta":[],"_links":{"self":[{"href":"https:\/\/bico.ee\/lt\/wp-json\/wp\/v2\/pages\/7940"}],"collection":[{"href":"https:\/\/bico.ee\/lt\/wp-json\/wp\/v2\/pages"}],"about":[{"href":"https:\/\/bico.ee\/lt\/wp-json\/wp\/v2\/types\/page"}],"author":[{"embeddable":true,"href":"https:\/\/bico.ee\/lt\/wp-json\/wp\/v2\/users\/1"}],"replies":[{"embeddable":true,"href":"https:\/\/bico.ee\/lt\/wp-json\/wp\/v2\/comments?post=7940"}],"version-history":[{"count":4,"href":"https:\/\/bico.ee\/lt\/wp-json\/wp\/v2\/pages\/7940\/revisions"}],"predecessor-version":[{"id":16358,"href":"https:\/\/bico.ee\/lt\/wp-json\/wp\/v2\/pages\/7940\/revisions\/16358"}],"wp:attachment":[{"href":"https:\/\/bico.ee\/lt\/wp-json\/wp\/v2\/media?parent=7940"}],"curies":[{"name":"wp","href":"https:\/\/api.w.org\/{rel}","templated":true}]}}