{"id":13979,"date":"2026-04-10T18:43:54","date_gmt":"2026-04-10T18:43:54","guid":{"rendered":""},"modified":"2026-04-10T18:43:54","modified_gmt":"2026-04-10T18:43:54","slug":"bico-galahad-ristripats-roosipuuga-ew15","status":"publish","type":"product","link":"https:\/\/bico.ee\/lt\/p\/bico-galahad-kryzminis-pakabukas-su-rozmedziu-ew15\/","title":{"rendered":"Bico &#8220;Galahad&#8221; kry\u017eminis pakabukas su ro\u017emed\u017eiu (EW15)"},"content":{"rendered":"<p>Galingas dirbtini\u0173 ir nat\u016brali\u0173 element\u0173 derinys. Rankomis poliruotas sidabru dengtas alavo pakabukas su raudonmed\u017eio \u012fd\u0117klu. <BR><UL><LI>Pavadinimas: Galahad <\/LI><LI>Reik\u0161m\u0117: sielos grynumas, <\/LI><LI>\u201eGallant Bico\u201c si\u016blo daugyb\u0119 matini\u0173 grandin\u0117li\u0173, odini\u0173 virveli\u0173 ir pakabu\u010di\u0173, kurie papildys \u0161\u012f pakabuk\u0105. Pakabuko plotis: 2,1 cm, ilgis: 3,6 cm, kilpos skersmuo: 6,5 mm<\/p>","protected":false},"excerpt":{"rendered":"<p>EW15 825873043912<\/p>\n","protected":false},"featured_media":8061,"template":"","meta":[],"product_cat":[277,279],"product_tag":[],"_links":{"self":[{"href":"https:\/\/bico.ee\/lt\/wp-json\/wp\/v2\/product\/13979"}],"collection":[{"href":"https:\/\/bico.ee\/lt\/wp-json\/wp\/v2\/product"}],"about":[{"href":"https:\/\/bico.ee\/lt\/wp-json\/wp\/v2\/types\/product"}],"wp:featuredmedia":[{"embeddable":true,"href":"https:\/\/bico.ee\/lt\/wp-json\/wp\/v2\/media\/8061"}],"wp:attachment":[{"href":"https:\/\/bico.ee\/lt\/wp-json\/wp\/v2\/media?parent=13979"}],"wp:term":[{"taxonomy":"product_cat","embeddable":true,"href":"https:\/\/bico.ee\/lt\/wp-json\/wp\/v2\/product_cat?post=13979"},{"taxonomy":"product_tag","embeddable":true,"href":"https:\/\/bico.ee\/lt\/wp-json\/wp\/v2\/product_tag?post=13979"}],"curies":[{"name":"wp","href":"https:\/\/api.w.org\/{rel}","templated":true}]}}