{"id":13987,"date":"2026-04-10T18:43:55","date_gmt":"2026-04-10T18:43:55","guid":{"rendered":""},"modified":"2026-04-10T18:43:55","modified_gmt":"2026-04-10T18:43:55","slug":"bico-vita-pisces-kalaripats-roosipuuga-ew52","status":"publish","type":"product","link":"https:\/\/bico.ee\/lt\/p\/zuvies-pakabukas-bico-vita-pisces-su-rozmedziu-ew52\/","title":{"rendered":"\u017duvies pakabukas Bico &#8220;Vita Pisces&#8221; su ro\u017emed\u017eiu (EW52)"},"content":{"rendered":"<p>Galingas dirbtini\u0173 ir nat\u016brali\u0173 element\u0173 derinys. Rankomis poliruotas sidabru dengtas alavo pakabukas su raudonmed\u017eio \u012fd\u0117klu. <BR><UL><LI>Vardas: Vita \u017duvys <\/LI><LI>Reik\u0161m\u0117: Numatant \u017evilgsn\u012f <\/LI><LI>\u201eBico\u201c si\u016blo daugyb\u0119 matini\u0173 grandini\u0173, odini\u0173 virveli\u0173 ir pakabu\u010di\u0173, kurie papildys \u0161\u012f pakabuk\u0105 Galimas apdaila: sidabru padengta alavas su ro\u017emed\u017eio \u012fd\u0117klu. Pakabuko plotis: 2,1 cm, ilgis: 3,9 cm, kilpos skersmuo: 9 mm<\/p>","protected":false},"excerpt":{"rendered":"<p>EW52 825873043974<\/p>\n","protected":false},"featured_media":8083,"template":"","meta":[],"product_cat":[277,279],"product_tag":[],"_links":{"self":[{"href":"https:\/\/bico.ee\/lt\/wp-json\/wp\/v2\/product\/13987"}],"collection":[{"href":"https:\/\/bico.ee\/lt\/wp-json\/wp\/v2\/product"}],"about":[{"href":"https:\/\/bico.ee\/lt\/wp-json\/wp\/v2\/types\/product"}],"wp:featuredmedia":[{"embeddable":true,"href":"https:\/\/bico.ee\/lt\/wp-json\/wp\/v2\/media\/8083"}],"wp:attachment":[{"href":"https:\/\/bico.ee\/lt\/wp-json\/wp\/v2\/media?parent=13987"}],"wp:term":[{"taxonomy":"product_cat","embeddable":true,"href":"https:\/\/bico.ee\/lt\/wp-json\/wp\/v2\/product_cat?post=13987"},{"taxonomy":"product_tag","embeddable":true,"href":"https:\/\/bico.ee\/lt\/wp-json\/wp\/v2\/product_tag?post=13987"}],"curies":[{"name":"wp","href":"https:\/\/api.w.org\/{rel}","templated":true}]}}