{"id":13988,"date":"2026-04-10T18:43:55","date_gmt":"2026-04-10T18:43:55","guid":{"rendered":""},"modified":"2026-04-10T18:43:55","modified_gmt":"2026-04-10T18:43:55","slug":"bico-nucleus-ripats-roosipuuga-ew53","status":"publish","type":"product","link":"https:\/\/bico.ee\/lt\/p\/bico-nucleus-pakabukas-su-rozmedziu-ew53\/","title":{"rendered":"Bico &#8220;Nucleus&#8221; pakabukas su ro\u017emed\u017eiu (EW53)"},"content":{"rendered":"<p>Galingas dirbtini\u0173 ir nat\u016brali\u0173 element\u0173 derinys. Rankomis poliruotas sidabru dengtas alavo pakabukas su raudonmed\u017eio \u012fd\u0117klu. <BR><UL><LI>Pavadinimas: Branduolys <\/LI><LI>Reik\u0161m\u0117: Pagrindiniai pamatai, \u201eSpark Of Life\u201c <\/LI><LI>\u201eBico\u201c si\u016blo daugyb\u0119 matini\u0173 grandin\u0117li\u0173, odini\u0173 virveli\u0173 ir pakabu\u010di\u0173, kurie papildys \u0161\u012f pakabuk\u0105 Galimas apdaila: sidabru padengta alavas su ro\u017emed\u017eio \u012fd\u0117klu. Pakabuko plotis: 2 cm Ilgis: 4 cm Kilpos skersmuo: 6,5 mm<\/p>","protected":false},"excerpt":{"rendered":"<p>EW53 825873043981<\/p>\n","protected":false},"featured_media":8086,"template":"","meta":[],"product_cat":[277,279],"product_tag":[],"_links":{"self":[{"href":"https:\/\/bico.ee\/lt\/wp-json\/wp\/v2\/product\/13988"}],"collection":[{"href":"https:\/\/bico.ee\/lt\/wp-json\/wp\/v2\/product"}],"about":[{"href":"https:\/\/bico.ee\/lt\/wp-json\/wp\/v2\/types\/product"}],"wp:featuredmedia":[{"embeddable":true,"href":"https:\/\/bico.ee\/lt\/wp-json\/wp\/v2\/media\/8086"}],"wp:attachment":[{"href":"https:\/\/bico.ee\/lt\/wp-json\/wp\/v2\/media?parent=13988"}],"wp:term":[{"taxonomy":"product_cat","embeddable":true,"href":"https:\/\/bico.ee\/lt\/wp-json\/wp\/v2\/product_cat?post=13988"},{"taxonomy":"product_tag","embeddable":true,"href":"https:\/\/bico.ee\/lt\/wp-json\/wp\/v2\/product_tag?post=13988"}],"curies":[{"name":"wp","href":"https:\/\/api.w.org\/{rel}","templated":true}]}}