{"id":13992,"date":"2026-04-10T18:43:55","date_gmt":"2026-04-10T18:43:55","guid":{"rendered":""},"modified":"2026-04-10T18:43:55","modified_gmt":"2026-04-10T18:43:55","slug":"bico-aperture-kaheosaline-poorlev-hoimuliip-s2-messingvask","status":"publish","type":"product","link":"https:\/\/bico.ee\/lt\/p\/bico-aperture-dvieju-daliu-verpimo-genties-pakabukas-s2-zalvarinis-varis\/","title":{"rendered":"Bico &#8220;Aperture&#8221; dviej\u0173 dali\u0173 verpimo genties pakabukas (S2 \u017ealvarinis varis)"},"content":{"rendered":"<p>Kompleksiniai pakabukai su verpimo centrais, kuri\u0173 priekinis ir galinis pavir\u0161iai yra ry\u0161kiai skirtingo dizaino. <BR><UL><LI>Pavadinimas: Diafragma <\/LI><LI>Reik\u0161m\u0117: \u0160viesa spindi nuo tav\u0119s <\/LI><LI>\u201eBico\u201c si\u016blo daugyb\u0119 matini\u0173 grandin\u0117li\u0173, odini\u0173 virveli\u0173 ir pakabu\u010di\u0173, kurie papildys \u0161\u012f pakabinam\u0105 alavo pakabuk\u0105 su centrinio verpimo sekcija. Pakabuko plotis: 2,8 cm, ilgis: 2,8 cm, kilpos skersmuo: 6,5 mm<\/p>","protected":false},"excerpt":{"rendered":"<p>S2AB 825873044032<\/p>\n","protected":false},"featured_media":8099,"template":"","meta":[],"product_cat":[277,280],"product_tag":[],"_links":{"self":[{"href":"https:\/\/bico.ee\/lt\/wp-json\/wp\/v2\/product\/13992"}],"collection":[{"href":"https:\/\/bico.ee\/lt\/wp-json\/wp\/v2\/product"}],"about":[{"href":"https:\/\/bico.ee\/lt\/wp-json\/wp\/v2\/types\/product"}],"wp:featuredmedia":[{"embeddable":true,"href":"https:\/\/bico.ee\/lt\/wp-json\/wp\/v2\/media\/8099"}],"wp:attachment":[{"href":"https:\/\/bico.ee\/lt\/wp-json\/wp\/v2\/media?parent=13992"}],"wp:term":[{"taxonomy":"product_cat","embeddable":true,"href":"https:\/\/bico.ee\/lt\/wp-json\/wp\/v2\/product_cat?post=13992"},{"taxonomy":"product_tag","embeddable":true,"href":"https:\/\/bico.ee\/lt\/wp-json\/wp\/v2\/product_tag?post=13992"}],"curies":[{"name":"wp","href":"https:\/\/api.w.org\/{rel}","templated":true}]}}