{"id":13993,"date":"2026-04-10T18:43:55","date_gmt":"2026-04-10T18:43:55","guid":{"rendered":""},"modified":"2026-04-10T18:43:55","modified_gmt":"2026-04-10T18:43:55","slug":"bico-tomoe-kaheosaline-poorlev-hoimuliip-s3-must","status":"publish","type":"product","link":"https:\/\/bico.ee\/lt\/p\/bico-tomoe-dvieju-daliu-verpimo-genties-pakabukas-s3-juodas\/","title":{"rendered":"Bico &#8220;Tomoe&#8221; dviej\u0173 dali\u0173 verpimo genties pakabukas (S3 juodas)"},"content":{"rendered":"<p>Kompleksiniai pakabukai su verpimo centrais, kuri\u0173 priekinis ir galinis pavir\u0161iai yra ry\u0161kiai skirtingo dizaino.<BR><UL><LI> Pavadinimas: Tomoe<\/LI><LI> Reik\u0161m\u0117: gimimas, gyvenimas ir dvasia <\/LI><LI> \u201eBico\u201c si\u016blo daugyb\u0119 matini\u0173 grandin\u0117li\u0173, odini\u0173 virveli\u0173 ir pakabu\u010di\u0173, kurie papildys \u0161\u012f pakabinam\u0105 alavuot\u0105 alavo pakabuk\u0105 su centrinio verpimo sekcija. Pakabuko plotis: 3 cm Ilgis: 3 cm Kilpos skersmuo: 6,5 mm<\/p>","protected":false},"excerpt":{"rendered":"<p>S3BLK 825873044056<\/p>\n","protected":false},"featured_media":8101,"template":"","meta":[],"product_cat":[277,280],"product_tag":[],"_links":{"self":[{"href":"https:\/\/bico.ee\/lt\/wp-json\/wp\/v2\/product\/13993"}],"collection":[{"href":"https:\/\/bico.ee\/lt\/wp-json\/wp\/v2\/product"}],"about":[{"href":"https:\/\/bico.ee\/lt\/wp-json\/wp\/v2\/types\/product"}],"wp:featuredmedia":[{"embeddable":true,"href":"https:\/\/bico.ee\/lt\/wp-json\/wp\/v2\/media\/8101"}],"wp:attachment":[{"href":"https:\/\/bico.ee\/lt\/wp-json\/wp\/v2\/media?parent=13993"}],"wp:term":[{"taxonomy":"product_cat","embeddable":true,"href":"https:\/\/bico.ee\/lt\/wp-json\/wp\/v2\/product_cat?post=13993"},{"taxonomy":"product_tag","embeddable":true,"href":"https:\/\/bico.ee\/lt\/wp-json\/wp\/v2\/product_tag?post=13993"}],"curies":[{"name":"wp","href":"https:\/\/api.w.org\/{rel}","templated":true}]}}