{"id":13994,"date":"2026-04-10T18:43:55","date_gmt":"2026-04-10T18:43:55","guid":{"rendered":""},"modified":"2026-04-10T18:43:55","modified_gmt":"2026-04-10T18:43:55","slug":"bico-cyberutopia-kaheosaline-poorlev-hoimuliip-s6-messingvask","status":"publish","type":"product","link":"https:\/\/bico.ee\/lt\/p\/bico-cyberutopia-dvieju-daliu-verpimo-genciu-pakabukas-s6-zalvarinis-varis\/","title":{"rendered":"Bico &#8220;Cyberutopia&#8221; dviej\u0173 dali\u0173 verpimo gen\u010di\u0173 pakabukas (S6 \u017ealvarinis varis)"},"content":{"rendered":"<p>Kompleksiniai pakabukai su verpimo centrais, kuri\u0173 priekinis ir galinis pavir\u0161iai yra ry\u0161kiai skirtingo dizaino.<BR><UL><LI> Pavadinimas: \u201eCyberutopia\u201c <\/LI><LI>Reik\u0161m\u0117: \u201eAteitis dabar\u201c <\/LI><LI> \u201eBico\u201c si\u016blo daugyb\u0119 matini\u0173 grandin\u0117li\u0173, odini\u0173 virveli\u0173 ir pakabu\u010di\u0173, kurie papildys \u0161\u012f pakabinam\u0105 alavo pakabuk\u0105 su centrinio verpimo sekcija. Pakabuko plotis: 3,1 cm, ilgis: 3,1 cm, kilpos skersmuo: 6,5 mm<\/p>","protected":false},"excerpt":{"rendered":"<p>S6AB 825873044155<\/p>\n","protected":false},"featured_media":8104,"template":"","meta":[],"product_cat":[277,280],"product_tag":[],"_links":{"self":[{"href":"https:\/\/bico.ee\/lt\/wp-json\/wp\/v2\/product\/13994"}],"collection":[{"href":"https:\/\/bico.ee\/lt\/wp-json\/wp\/v2\/product"}],"about":[{"href":"https:\/\/bico.ee\/lt\/wp-json\/wp\/v2\/types\/product"}],"wp:featuredmedia":[{"embeddable":true,"href":"https:\/\/bico.ee\/lt\/wp-json\/wp\/v2\/media\/8104"}],"wp:attachment":[{"href":"https:\/\/bico.ee\/lt\/wp-json\/wp\/v2\/media?parent=13994"}],"wp:term":[{"taxonomy":"product_cat","embeddable":true,"href":"https:\/\/bico.ee\/lt\/wp-json\/wp\/v2\/product_cat?post=13994"},{"taxonomy":"product_tag","embeddable":true,"href":"https:\/\/bico.ee\/lt\/wp-json\/wp\/v2\/product_tag?post=13994"}],"curies":[{"name":"wp","href":"https:\/\/api.w.org\/{rel}","templated":true}]}}