{"id":13999,"date":"2026-04-10T18:43:55","date_gmt":"2026-04-10T18:43:55","guid":{"rendered":""},"modified":"2026-04-10T18:43:55","modified_gmt":"2026-04-10T18:43:55","slug":"bico-wave-rider-hobedane-ja-kuldne-2-tooniline-ripats-t8","status":"publish","type":"product","link":"https:\/\/bico.ee\/lt\/p\/bico-wave-rider-sidabrinis-ir-auksinis-2-tonu-pakabukas-t8\/","title":{"rendered":"Bico &#8220;Wave Rider&#8221; sidabrinis ir auksinis 2 ton\u0173 pakabukas (T8)"},"content":{"rendered":"<p>Ledo ir ugnies elementai susiliejo kartu. <BR><UL><LI>Pavadinimas: \u201eWave Rider\u201c <\/LI><LI>Reik\u0161m\u0117: \u201ePoky\u010diai ir laiko t\u0117km\u0117\u201c <\/LI><LI>\u201eBico\u201c si\u016blo daugyb\u0119 matini\u0173 grandini\u0173, odini\u0173 virveli\u0173 ir pakabu\u010di\u0173, kurie papildys \u0161\u012f pakabuk\u0105 auksu ir sidabru padengt\u0105 pakabuk\u0105 su unikalia apsaugine danga. Pakabuko plotis: 2,4 cm, ilgis: 2,4 cm, kilpos skersmuo: 6,5 mm<\/p>","protected":false},"excerpt":{"rendered":"<p>T8 825873001127<\/p>\n","protected":false},"featured_media":8117,"template":"","meta":[],"product_cat":[277,278],"product_tag":[],"_links":{"self":[{"href":"https:\/\/bico.ee\/lt\/wp-json\/wp\/v2\/product\/13999"}],"collection":[{"href":"https:\/\/bico.ee\/lt\/wp-json\/wp\/v2\/product"}],"about":[{"href":"https:\/\/bico.ee\/lt\/wp-json\/wp\/v2\/types\/product"}],"wp:featuredmedia":[{"embeddable":true,"href":"https:\/\/bico.ee\/lt\/wp-json\/wp\/v2\/media\/8117"}],"wp:attachment":[{"href":"https:\/\/bico.ee\/lt\/wp-json\/wp\/v2\/media?parent=13999"}],"wp:term":[{"taxonomy":"product_cat","embeddable":true,"href":"https:\/\/bico.ee\/lt\/wp-json\/wp\/v2\/product_cat?post=13999"},{"taxonomy":"product_tag","embeddable":true,"href":"https:\/\/bico.ee\/lt\/wp-json\/wp\/v2\/product_tag?post=13999"}],"curies":[{"name":"wp","href":"https:\/\/api.w.org\/{rel}","templated":true}]}}