{"id":14002,"date":"2026-04-10T18:43:55","date_gmt":"2026-04-10T18:43:55","guid":{"rendered":""},"modified":"2026-04-10T18:43:55","modified_gmt":"2026-04-10T18:43:55","slug":"bico-eagle-hobedane-ja-kuldne-kahetooniline-ripats-t15","status":"publish","type":"product","link":"https:\/\/bico.ee\/lt\/p\/bico-eagle-sidabrinis-ir-auksinis-2-tonu-pakabukas-t15\/","title":{"rendered":"Bico  &#8220;Eagle&#8221; &#8220;sidabrinis ir auksinis 2 ton\u0173 pakabukas (T15)"},"content":{"rendered":"<p>Ledo ir ugnies elementai susiliejo kartu. <BR><UL><LI>Pavadinimas: erelis <\/LI><LI>Reik\u0161m\u0117: puikus suvokimas <\/LI><LI>\u201eBico\u201c si\u016blo daugyb\u0119 matini\u0173 grandin\u0117li\u0173, odini\u0173 virveli\u0173 ir pakabuk\u0173, kurie papildys \u0161\u012f pakabuk\u0105 auksu ir sidabru padengt\u0105 pakabuk\u0105 su unikalia apsaugine danga. Pakabuko plotis: 1,2 cm Ilgis: 3,1 cm Kilpos skersmuo: 6,5 mm<\/p>","protected":false},"excerpt":{"rendered":"<p>T15 825873001196<\/p>\n","protected":false},"featured_media":8123,"template":"","meta":[],"product_cat":[277,278],"product_tag":[],"_links":{"self":[{"href":"https:\/\/bico.ee\/lt\/wp-json\/wp\/v2\/product\/14002"}],"collection":[{"href":"https:\/\/bico.ee\/lt\/wp-json\/wp\/v2\/product"}],"about":[{"href":"https:\/\/bico.ee\/lt\/wp-json\/wp\/v2\/types\/product"}],"wp:featuredmedia":[{"embeddable":true,"href":"https:\/\/bico.ee\/lt\/wp-json\/wp\/v2\/media\/8123"}],"wp:attachment":[{"href":"https:\/\/bico.ee\/lt\/wp-json\/wp\/v2\/media?parent=14002"}],"wp:term":[{"taxonomy":"product_cat","embeddable":true,"href":"https:\/\/bico.ee\/lt\/wp-json\/wp\/v2\/product_cat?post=14002"},{"taxonomy":"product_tag","embeddable":true,"href":"https:\/\/bico.ee\/lt\/wp-json\/wp\/v2\/product_tag?post=14002"}],"curies":[{"name":"wp","href":"https:\/\/api.w.org\/{rel}","templated":true}]}}