{"id":14006,"date":"2026-04-10T18:43:55","date_gmt":"2026-04-10T18:43:55","guid":{"rendered":""},"modified":"2026-04-10T18:43:55","modified_gmt":"2026-04-10T18:43:55","slug":"bico-forever-mees-ja-naispaar-ripatsid-bp2-kuld","status":"publish","type":"product","link":"https:\/\/bico.ee\/lt\/p\/bico-amzinai-vyriski-ir-moteriski-pakabukai-bp2-auksas\/","title":{"rendered":"Bico  am\u017einai vyri\u0161ki ir moteri\u0161ki pakabukai (BP2 auksas)"},"content":{"rendered":"<p>Atitinkama pora pakabuk\u0173 parduodami kaip rinkinys, idealiai tinkantys padalyti tarp artim\u0173j\u0173 ar draug\u0173. <BR><UL><LI>Pavadinimas: am\u017einai <\/LI><LI>Reik\u0161m\u0117: \u201eTwo Souls United\u201c \u201eForever Bico\u201c si\u016blo daugyb\u0119 grandini\u0173, odini\u0173 virveli\u0173 ir pakabuk\u0173, kad u\u017ebaigt\u0173 por\u0105 pakabuk\u0173, atitinkan\u010di\u0173 pakabuk\u0173 por\u0105 su sidabro ir aukso danga. Pakabuko plotis: 2 cm Ilgis: 3,5 cm Kilpos skersmuo: 9 mm<\/p>","protected":false},"excerpt":{"rendered":"<p>BP2G 825873008102<\/p>\n","protected":false},"featured_media":8129,"template":"","meta":[],"product_cat":[277,281],"product_tag":[],"_links":{"self":[{"href":"https:\/\/bico.ee\/lt\/wp-json\/wp\/v2\/product\/14006"}],"collection":[{"href":"https:\/\/bico.ee\/lt\/wp-json\/wp\/v2\/product"}],"about":[{"href":"https:\/\/bico.ee\/lt\/wp-json\/wp\/v2\/types\/product"}],"wp:featuredmedia":[{"embeddable":true,"href":"https:\/\/bico.ee\/lt\/wp-json\/wp\/v2\/media\/8129"}],"wp:attachment":[{"href":"https:\/\/bico.ee\/lt\/wp-json\/wp\/v2\/media?parent=14006"}],"wp:term":[{"taxonomy":"product_cat","embeddable":true,"href":"https:\/\/bico.ee\/lt\/wp-json\/wp\/v2\/product_cat?post=14006"},{"taxonomy":"product_tag","embeddable":true,"href":"https:\/\/bico.ee\/lt\/wp-json\/wp\/v2\/product_tag?post=14006"}],"curies":[{"name":"wp","href":"https:\/\/api.w.org\/{rel}","templated":true}]}}