{"id":14007,"date":"2026-04-10T18:43:55","date_gmt":"2026-04-10T18:43:55","guid":{"rendered":""},"modified":"2026-04-10T18:43:55","modified_gmt":"2026-04-10T18:43:55","slug":"bico-star-gazes-paaris-ripatsid-bp3-hobedane-sinine","status":"publish","type":"product","link":"https:\/\/bico.ee\/lt\/p\/bico-zvaigzdziu-zvilgsniai-suporuoti-pakabuciai-bp3-sidabro-melyna\/","title":{"rendered":"Bico &#8220;\u017dvaig\u017ed\u017ei\u0173 \u017evilgsniai&#8221; suporuoti pakabu\u010diai (BP3 sidabro m\u0117lyna)"},"content":{"rendered":"<p>Atitinkama pora pakabuk\u0173 parduodami kaip rinkinys, idealiai tinkantys padalyti tarp artim\u0173j\u0173 ar draug\u0173. <BR><UL><LI>Pavadinimas: \u017dvaig\u017ed\u017ei\u0173 \u017evilgsniai <\/LI><LI>Reik\u0161m\u0117: \u017dvilgtel\u0117kite u\u017e dangaus, degantis noras <\/LI><LI>\u201eBico\u201c si\u016blo daugyb\u0119 grandini\u0173, odini\u0173 virveli\u0173 ir pakabu\u010di\u0173, kad u\u017ebaigt\u0173 por\u0105 pakabuk\u0173, atitinkan\u010di\u0173 pakabuk\u0173 por\u0105 su sidabro ir aukso danga bei \u201eSwarovski\u201c kristalais. Pakabuko plotis: 1,9 cm, ilgis: 3,8 cm, kilpos skersmuo: 9 mm<\/p>","protected":false},"excerpt":{"rendered":"<p>BP3SBLU 825873007754<\/p>\n","protected":false},"featured_media":8131,"template":"","meta":[],"product_cat":[277,281],"product_tag":[],"_links":{"self":[{"href":"https:\/\/bico.ee\/lt\/wp-json\/wp\/v2\/product\/14007"}],"collection":[{"href":"https:\/\/bico.ee\/lt\/wp-json\/wp\/v2\/product"}],"about":[{"href":"https:\/\/bico.ee\/lt\/wp-json\/wp\/v2\/types\/product"}],"wp:featuredmedia":[{"embeddable":true,"href":"https:\/\/bico.ee\/lt\/wp-json\/wp\/v2\/media\/8131"}],"wp:attachment":[{"href":"https:\/\/bico.ee\/lt\/wp-json\/wp\/v2\/media?parent=14007"}],"wp:term":[{"taxonomy":"product_cat","embeddable":true,"href":"https:\/\/bico.ee\/lt\/wp-json\/wp\/v2\/product_cat?post=14007"},{"taxonomy":"product_tag","embeddable":true,"href":"https:\/\/bico.ee\/lt\/wp-json\/wp\/v2\/product_tag?post=14007"}],"curies":[{"name":"wp","href":"https:\/\/api.w.org\/{rel}","templated":true}]}}