{"id":14017,"date":"2026-04-10T18:43:55","date_gmt":"2026-04-10T18:43:55","guid":{"rendered":""},"modified":"2026-04-10T18:43:55","modified_gmt":"2026-04-10T18:43:55","slug":"bico-cross-tags-paaristatud-ristripatsid-bp8-must","status":"publish","type":"product","link":"https:\/\/bico.ee\/lt\/p\/bico-cross-tags-suporuoti-kryzminiai-pakabukai-bp8-juoda\/","title":{"rendered":"Bico &#8220;Cross Tags&#8221; suporuoti kry\u017eminiai pakabukai (BP8 juoda)"},"content":{"rendered":"<p>Atitinkama pora pakabuk\u0173 parduodami kaip rinkinys, idealiai tinkantys padalyti tarp artim\u0173j\u0173 ar draug\u0173. <BR><UL><LI>Pavadinimas: kry\u017emin\u0117s \u017eym\u0117s <\/LI><LI>Reik\u0161m\u0117: pasirinkti savo tik\u0117jim\u0105 vienas kitu <\/LI><LI>\u201eBico\u201c si\u016blo daugyb\u0119 grandini\u0173, odini\u0173 virveli\u0173 ir pakabuk\u0173, kad u\u017ebaigt\u0173 por\u0105 pakabuk\u0173, atitinkan\u010di\u0173 pakabuk\u0173 por\u0105 su odiniais ir Swarovski kristalais. Pakabuko plotis: 1,5 cm Ilgis: 2 cm Kilpos skersmuo: 6,5 mm<\/p>","protected":false},"excerpt":{"rendered":"<p>BP8BLK 825873044254<\/p>\n","protected":false},"featured_media":8145,"template":"","meta":[],"product_cat":[277,281],"product_tag":[],"_links":{"self":[{"href":"https:\/\/bico.ee\/lt\/wp-json\/wp\/v2\/product\/14017"}],"collection":[{"href":"https:\/\/bico.ee\/lt\/wp-json\/wp\/v2\/product"}],"about":[{"href":"https:\/\/bico.ee\/lt\/wp-json\/wp\/v2\/types\/product"}],"wp:featuredmedia":[{"embeddable":true,"href":"https:\/\/bico.ee\/lt\/wp-json\/wp\/v2\/media\/8145"}],"wp:attachment":[{"href":"https:\/\/bico.ee\/lt\/wp-json\/wp\/v2\/media?parent=14017"}],"wp:term":[{"taxonomy":"product_cat","embeddable":true,"href":"https:\/\/bico.ee\/lt\/wp-json\/wp\/v2\/product_cat?post=14017"},{"taxonomy":"product_tag","embeddable":true,"href":"https:\/\/bico.ee\/lt\/wp-json\/wp\/v2\/product_tag?post=14017"}],"curies":[{"name":"wp","href":"https:\/\/api.w.org\/{rel}","templated":true}]}}