{"id":14019,"date":"2026-04-10T18:43:55","date_gmt":"2026-04-10T18:43:55","guid":{"rendered":""},"modified":"2026-04-10T18:43:55","modified_gmt":"2026-04-10T18:43:55","slug":"bico-avastusratta-ripats-kummist-o-rongastega-or1","status":"publish","type":"product","link":"https:\/\/bico.ee\/lt\/p\/bico-atradimo-rato-pakabukas-su-guminiais-ziedais-or1\/","title":{"rendered":"Bico  atradimo rato pakabukas su guminiais \u017eiedais (OR1)"},"content":{"rendered":"<p>Pramoninis jausmas su gen\u010di\u0173 stiliaus poj\u016b\u010diu, naudojant guminius sandarinimo \u017eiedus, kad b\u016bt\u0173 prid\u0117tas dar vienas dizaino aspektas. <BR><UL><LI>Pavadinimas: Atradim\u0173 ratas <\/LI><LI>Reik\u0161m\u0117: atviras pasaulis Originalus <\/LI><LI>\u201eBico\u201c pakabukas, apimantis guminius elementus su oksiduoto matinio sidabro spalvos apdaila. <\/LI><LI>\u201eBico\u201c si\u016blo daugyb\u0119 grandini\u0173, odini\u0173 virveli\u0173 ir pakabu\u010di\u0173, kad u\u017ebaigt\u0173 por\u0105 pakabuk\u0173. Pakabuko plotis: 3 cm Ilgis: 3 cm Kilpos skersmuo: 6,5 mm<\/p>","protected":false},"excerpt":{"rendered":"<p>OR1 825873047392<\/p>\n","protected":false},"featured_media":8150,"template":"","meta":[],"product_cat":[277,282],"product_tag":[],"_links":{"self":[{"href":"https:\/\/bico.ee\/lt\/wp-json\/wp\/v2\/product\/14019"}],"collection":[{"href":"https:\/\/bico.ee\/lt\/wp-json\/wp\/v2\/product"}],"about":[{"href":"https:\/\/bico.ee\/lt\/wp-json\/wp\/v2\/types\/product"}],"wp:featuredmedia":[{"embeddable":true,"href":"https:\/\/bico.ee\/lt\/wp-json\/wp\/v2\/media\/8150"}],"wp:attachment":[{"href":"https:\/\/bico.ee\/lt\/wp-json\/wp\/v2\/media?parent=14019"}],"wp:term":[{"taxonomy":"product_cat","embeddable":true,"href":"https:\/\/bico.ee\/lt\/wp-json\/wp\/v2\/product_cat?post=14019"},{"taxonomy":"product_tag","embeddable":true,"href":"https:\/\/bico.ee\/lt\/wp-json\/wp\/v2\/product_tag?post=14019"}],"curies":[{"name":"wp","href":"https:\/\/api.w.org\/{rel}","templated":true}]}}