{"id":14031,"date":"2026-04-24T07:43:51","date_gmt":"2026-04-24T07:43:51","guid":{"rendered":""},"modified":"2026-04-24T07:43:51","modified_gmt":"2026-04-24T07:43:51","slug":"bico-amis-ristripats-bcr7","status":"publish","type":"product","link":"https:\/\/bico.ee\/lt\/p\/bico-amis-kryziaus-pakabukas-bcr7\/","title":{"rendered":"Bico &#8220;Amis&#8221; kry\u017eiaus pakabukas (BCR7)"},"content":{"rendered":"<p>Dizaino asortimentas, interpretuojantis vien\u0105 svarbiausi\u0173 ir galingiausi\u0173 pasaulio simboli\u0173. <BR><UL><LI>Pavadinimas: Amis <\/LI><LI>Reik\u0161m\u0117: I\u0161tikimasis draugas Bico si\u016blo daugyb\u0119 matini\u0173 grandin\u0117li\u0173, odini\u0173 virveli\u0173 ir pakabu\u010di\u0173, kurie papildys \u0161\u012f pakabuk\u0105 rankiniu b\u016bdu poliruoto sidabro alavo pakabuk\u0105 su unikalia apsaugine danga. Pakabuko plotis: 2,2 cm, ilgis: 4,4 cm, kilpos skersmuo: 6,5 mm<\/p>","protected":false},"excerpt":{"rendered":"<p>BCR7 825873032800<\/p>\n","protected":false},"featured_media":8182,"template":"","meta":[],"product_cat":[277,283],"product_tag":[],"_links":{"self":[{"href":"https:\/\/bico.ee\/lt\/wp-json\/wp\/v2\/product\/14031"}],"collection":[{"href":"https:\/\/bico.ee\/lt\/wp-json\/wp\/v2\/product"}],"about":[{"href":"https:\/\/bico.ee\/lt\/wp-json\/wp\/v2\/types\/product"}],"wp:featuredmedia":[{"embeddable":true,"href":"https:\/\/bico.ee\/lt\/wp-json\/wp\/v2\/media\/8182"}],"wp:attachment":[{"href":"https:\/\/bico.ee\/lt\/wp-json\/wp\/v2\/media?parent=14031"}],"wp:term":[{"taxonomy":"product_cat","embeddable":true,"href":"https:\/\/bico.ee\/lt\/wp-json\/wp\/v2\/product_cat?post=14031"},{"taxonomy":"product_tag","embeddable":true,"href":"https:\/\/bico.ee\/lt\/wp-json\/wp\/v2\/product_tag?post=14031"}],"curies":[{"name":"wp","href":"https:\/\/api.w.org\/{rel}","templated":true}]}}