{"id":14034,"date":"2026-04-10T18:43:55","date_gmt":"2026-04-10T18:43:55","guid":{"rendered":""},"modified":"2026-04-17T13:54:29","modified_gmt":"2026-04-17T10:54:29","slug":"bico-aariel-ristripats-bcr10","status":"publish","type":"product","link":"https:\/\/bico.ee\/lt\/p\/bico-aariel-kryziaus-pakabukas-bcr10\/","title":{"rendered":"Bico &#8220;Aariel&#8221; kry\u017eiaus pakabukas (BCR10)"},"content":{"rendered":"<p>Dizaino asortimentas, interpretuojantis vien\u0105 svarbiausi\u0173 ir galingiausi\u0173 pasaulio simboli\u0173. <BR><UL><LI>Pavadinimas: Aariel <\/LI><LI>Reik\u0161m\u0117: Bebaimi\u0161kumas <\/LI><LI>\u201eBico\u201c si\u016blo daugyb\u0119 matini\u0173 grandin\u0117li\u0173, odini\u0173 virveli\u0173 ir pakabu\u010di\u0173, kurie papildys \u0161\u012f pakabuk\u0105 rankiniu b\u016bdu poliruoto sidabro alavo pakabuk\u0105 su unikalia apsaugine danga. Pakabuko plotis: 3 cm Ilgis: 4,5 cm Kilpos skersmuo: 6,5 mm<\/p>","protected":false},"excerpt":{"rendered":"<p>BCR10 825873032831<\/p>\n","protected":false},"featured_media":8191,"template":"","meta":[],"product_cat":[277,283],"product_tag":[],"_links":{"self":[{"href":"https:\/\/bico.ee\/lt\/wp-json\/wp\/v2\/product\/14034"}],"collection":[{"href":"https:\/\/bico.ee\/lt\/wp-json\/wp\/v2\/product"}],"about":[{"href":"https:\/\/bico.ee\/lt\/wp-json\/wp\/v2\/types\/product"}],"wp:featuredmedia":[{"embeddable":true,"href":"https:\/\/bico.ee\/lt\/wp-json\/wp\/v2\/media\/8191"}],"wp:attachment":[{"href":"https:\/\/bico.ee\/lt\/wp-json\/wp\/v2\/media?parent=14034"}],"wp:term":[{"taxonomy":"product_cat","embeddable":true,"href":"https:\/\/bico.ee\/lt\/wp-json\/wp\/v2\/product_cat?post=14034"},{"taxonomy":"product_tag","embeddable":true,"href":"https:\/\/bico.ee\/lt\/wp-json\/wp\/v2\/product_tag?post=14034"}],"curies":[{"name":"wp","href":"https:\/\/api.w.org\/{rel}","templated":true}]}}