{"id":14075,"date":"2026-04-10T18:43:55","date_gmt":"2026-04-10T18:43:55","guid":{"rendered":""},"modified":"2026-04-10T18:43:55","modified_gmt":"2026-04-10T18:43:55","slug":"bico-kraana-ripats-to4","status":"publish","type":"product","link":"https:\/\/bico.ee\/lt\/p\/bico-krano-pakabukas-to4\/","title":{"rendered":"Bico &#8220;Krano&#8221; pakabukas (TO4)"},"content":{"rendered":"<p>\u012ekv\u0117ptas Amerikos ind\u0117n\u0173 kult\u016bros. <BR><UL><LI>Pavadinimas: Kranas <\/LI><LI>Reik\u0161m\u0117: Nepriklausomyb\u0117 ir vienatv\u0117 <\/LI><LI>\u201eBico\u201c si\u016blo daugyb\u0119 matini\u0173 grandini\u0173, odini\u0173 virveli\u0173 ir pakabu\u010di\u0173, kurie papildys \u0161\u012f pakabuk\u0105 rankiniu b\u016bdu poliruotu sidabru padengtu alavo pakabuku su unikalia apsaugine danga. Pakabuko plotis: 1,6 cm, ilgis: 3,8 cm, kilpos skersmuo: 6,5 mm<\/p>","protected":false},"excerpt":{"rendered":"<p>TO4 825873033326<\/p>\n","protected":false},"featured_media":8252,"template":"","meta":[],"product_cat":[277,285],"product_tag":[],"_links":{"self":[{"href":"https:\/\/bico.ee\/lt\/wp-json\/wp\/v2\/product\/14075"}],"collection":[{"href":"https:\/\/bico.ee\/lt\/wp-json\/wp\/v2\/product"}],"about":[{"href":"https:\/\/bico.ee\/lt\/wp-json\/wp\/v2\/types\/product"}],"wp:featuredmedia":[{"embeddable":true,"href":"https:\/\/bico.ee\/lt\/wp-json\/wp\/v2\/media\/8252"}],"wp:attachment":[{"href":"https:\/\/bico.ee\/lt\/wp-json\/wp\/v2\/media?parent=14075"}],"wp:term":[{"taxonomy":"product_cat","embeddable":true,"href":"https:\/\/bico.ee\/lt\/wp-json\/wp\/v2\/product_cat?post=14075"},{"taxonomy":"product_tag","embeddable":true,"href":"https:\/\/bico.ee\/lt\/wp-json\/wp\/v2\/product_tag?post=14075"}],"curies":[{"name":"wp","href":"https:\/\/api.w.org\/{rel}","templated":true}]}}