{"id":14076,"date":"2026-04-10T18:43:55","date_gmt":"2026-04-10T18:43:55","guid":{"rendered":""},"modified":"2026-04-10T18:43:55","modified_gmt":"2026-04-10T18:43:55","slug":"bico-saakali-ripats-to5","status":"publish","type":"product","link":"https:\/\/bico.ee\/lt\/p\/pakabukas-bico-jackal-to5\/","title":{"rendered":"Pakabukas Bico &#8220;Jackal&#8221; (TO5)"},"content":{"rendered":"<p>\u012ekv\u0117ptas Amerikos ind\u0117n\u0173 kult\u016bros. <BR><UL><LI>Pavadinimas: \u0160akalas <\/LI><LI>Reik\u0161m\u0117: \u201eIntrospektyviai ir savaranki\u0161kai besimokantis\u201c <\/LI><LI>\u201eBico\u201c si\u016blo daugyb\u0119 matini\u0173 grandin\u0117li\u0173, odini\u0173 virveli\u0173 ir pakabu\u010di\u0173, kurie papildys \u0161\u012f pakabuk\u0105 rankiniu b\u016bdu poliruotu sidabru padengtu alavo pakabuku su unikalia apsaugine danga. Pakabuko plotis: 1,6 cm, ilgis: 3,8 cm, kilpos skersmuo: 6,5 mm<\/p>","protected":false},"excerpt":{"rendered":"<p>TO5 825873033333<\/p>\n","protected":false},"featured_media":8254,"template":"","meta":[],"product_cat":[277,285],"product_tag":[],"_links":{"self":[{"href":"https:\/\/bico.ee\/lt\/wp-json\/wp\/v2\/product\/14076"}],"collection":[{"href":"https:\/\/bico.ee\/lt\/wp-json\/wp\/v2\/product"}],"about":[{"href":"https:\/\/bico.ee\/lt\/wp-json\/wp\/v2\/types\/product"}],"wp:featuredmedia":[{"embeddable":true,"href":"https:\/\/bico.ee\/lt\/wp-json\/wp\/v2\/media\/8254"}],"wp:attachment":[{"href":"https:\/\/bico.ee\/lt\/wp-json\/wp\/v2\/media?parent=14076"}],"wp:term":[{"taxonomy":"product_cat","embeddable":true,"href":"https:\/\/bico.ee\/lt\/wp-json\/wp\/v2\/product_cat?post=14076"},{"taxonomy":"product_tag","embeddable":true,"href":"https:\/\/bico.ee\/lt\/wp-json\/wp\/v2\/product_tag?post=14076"}],"curies":[{"name":"wp","href":"https:\/\/api.w.org\/{rel}","templated":true}]}}