{"id":14080,"date":"2026-04-10T18:43:55","date_gmt":"2026-04-10T18:43:55","guid":{"rendered":""},"modified":"2026-04-10T18:43:55","modified_gmt":"2026-04-10T18:43:55","slug":"bico-susinikkiust-ripats-carbon-sun-nc7","status":"publish","type":"product","link":"https:\/\/bico.ee\/lt\/p\/bico-carbon-sun-pakabukas-su-anglies-pluostu-nc7\/","title":{"rendered":"Bico &#8220;Carbon Sun&#8221; pakabukas su anglies pluo\u0161tu (NC7)"},"content":{"rendered":"<p>Anglies pluo\u0161tas yra technologinio elito simbolis ir yra vizualiai stulbinanti med\u017eiaga. <BR><UL><LI>Pavadinimas: anglies saul\u0117 <\/LI><LI>Reik\u0161m\u0117: nor\u0117damas gyventi dar kart\u0105, \u201eRejuvenation Bico\u201c si\u016blo daugyb\u0119 matini\u0173 grandini\u0173, odini\u0173 virveli\u0173 ir pakabu\u010di\u0173, kurie papildys \u0161\u012f pakabuk\u0105 Rankomis poliruoto sidabruoto alavo pakabuk\u0105 su anglies pluo\u0161to intarpais. Pakabuko plotis: 2,6 cm, ilgis: 2,6 cm, kilpos skersmuo: 6,5 mm<\/p>","protected":false},"excerpt":{"rendered":"<p>NC7 825873052457<\/p>\n","protected":false},"featured_media":8265,"template":"","meta":[],"product_cat":[277,286],"product_tag":[],"_links":{"self":[{"href":"https:\/\/bico.ee\/lt\/wp-json\/wp\/v2\/product\/14080"}],"collection":[{"href":"https:\/\/bico.ee\/lt\/wp-json\/wp\/v2\/product"}],"about":[{"href":"https:\/\/bico.ee\/lt\/wp-json\/wp\/v2\/types\/product"}],"wp:featuredmedia":[{"embeddable":true,"href":"https:\/\/bico.ee\/lt\/wp-json\/wp\/v2\/media\/8265"}],"wp:attachment":[{"href":"https:\/\/bico.ee\/lt\/wp-json\/wp\/v2\/media?parent=14080"}],"wp:term":[{"taxonomy":"product_cat","embeddable":true,"href":"https:\/\/bico.ee\/lt\/wp-json\/wp\/v2\/product_cat?post=14080"},{"taxonomy":"product_tag","embeddable":true,"href":"https:\/\/bico.ee\/lt\/wp-json\/wp\/v2\/product_tag?post=14080"}],"curies":[{"name":"wp","href":"https:\/\/api.w.org\/{rel}","templated":true}]}}