{"id":14083,"date":"2026-04-10T18:43:55","date_gmt":"2026-04-10T18:43:55","guid":{"rendered":""},"modified":"2026-04-10T18:43:55","modified_gmt":"2026-04-10T18:43:55","slug":"bico-courageous-cross-koerte-silt-susinikkiuga-nc11","status":"publish","type":"product","link":"https:\/\/bico.ee\/lt\/p\/bico-drasus-kryzius-sunu-zyme-su-anglies-pluostu-nc11\/","title":{"rendered":"Bico &#8220;Dr\u0105sus kry\u017eius&#8221; \u0161un\u0173 \u017eym\u0117 su anglies pluo\u0161tu (NC11)"},"content":{"rendered":"<p>Anglies pluo\u0161tas yra technologinio elito simbolis ir yra vizualiai stulbinanti med\u017eiaga. <BR><UL><LI>Pavadinimas: dr\u0105sus kry\u017eius <\/LI><LI>Reik\u0161m\u0117: pasitik\u0117jimas jud\u0117ti \u012f priek\u012f <\/LI><LI>\u201eBico\u201c si\u016blo daugyb\u0119 matini\u0173 grandini\u0173, odini\u0173 virveli\u0173 ir pakabu\u010di\u0173, kurie papildys \u0161\u012f pakabuk\u0105 Rankomis poliruoto sidabruoto alavo pakabukas su anglies pluo\u0161to intarpais. Pakabuko plotis: 2,5 cm Ilgis: 4,1 cm Kilpos skersmuo: 6,5 mm<\/p>","protected":false},"excerpt":{"rendered":"<p>NC11 825873052570<\/p>\n","protected":false},"featured_media":8274,"template":"","meta":[],"product_cat":[277,286],"product_tag":[],"_links":{"self":[{"href":"https:\/\/bico.ee\/lt\/wp-json\/wp\/v2\/product\/14083"}],"collection":[{"href":"https:\/\/bico.ee\/lt\/wp-json\/wp\/v2\/product"}],"about":[{"href":"https:\/\/bico.ee\/lt\/wp-json\/wp\/v2\/types\/product"}],"wp:featuredmedia":[{"embeddable":true,"href":"https:\/\/bico.ee\/lt\/wp-json\/wp\/v2\/media\/8274"}],"wp:attachment":[{"href":"https:\/\/bico.ee\/lt\/wp-json\/wp\/v2\/media?parent=14083"}],"wp:term":[{"taxonomy":"product_cat","embeddable":true,"href":"https:\/\/bico.ee\/lt\/wp-json\/wp\/v2\/product_cat?post=14083"},{"taxonomy":"product_tag","embeddable":true,"href":"https:\/\/bico.ee\/lt\/wp-json\/wp\/v2\/product_tag?post=14083"}],"curies":[{"name":"wp","href":"https:\/\/api.w.org\/{rel}","templated":true}]}}