{"id":14084,"date":"2026-04-10T18:43:55","date_gmt":"2026-04-10T18:43:55","guid":{"rendered":""},"modified":"2026-04-10T18:43:55","modified_gmt":"2026-04-10T18:43:55","slug":"bico-striker-carbon-susinikkiuga-koerte-silt-nc12","status":"publish","type":"product","link":"https:\/\/bico.ee\/lt\/p\/bico-striker-carbon-sunu-etikete-su-anglies-pluostu-nc12\/","title":{"rendered":"Bico &#8220;Striker Carbon&#8221; \u0161un\u0173 etiket\u0117 su anglies pluo\u0161tu (NC12)"},"content":{"rendered":"<p>Anglies pluo\u0161tas yra technologinio elito simbolis ir yra vizualiai stulbinanti med\u017eiaga. <BR><UL><LI>Pavadinimas: Puol\u0117jas <\/LI><LI>Reik\u0161m\u0117: Pasireng\u0119s veikti, pasinerkite \u012f tai <\/LI><LI>\u201eBico\u201c si\u016blo daugyb\u0119 matini\u0173 gatav\u0173 grandini\u0173, odini\u0173 virveli\u0173 ir pakabu\u010di\u0173, kurie papildys \u0161\u012f pakabuk\u0105 Rankomis poliruoto sidabru padengto alavo pakabukas su anglies pluo\u0161to intarpais. Pakabuko plotis: 2,4 cm, ilgis: 4,1 cm, kilpos skersmuo: 6,5 mm<\/p>","protected":false},"excerpt":{"rendered":"<p>NC12 825873052600<\/p>\n","protected":false},"featured_media":8277,"template":"","meta":[],"product_cat":[277,286],"product_tag":[],"_links":{"self":[{"href":"https:\/\/bico.ee\/lt\/wp-json\/wp\/v2\/product\/14084"}],"collection":[{"href":"https:\/\/bico.ee\/lt\/wp-json\/wp\/v2\/product"}],"about":[{"href":"https:\/\/bico.ee\/lt\/wp-json\/wp\/v2\/types\/product"}],"wp:featuredmedia":[{"embeddable":true,"href":"https:\/\/bico.ee\/lt\/wp-json\/wp\/v2\/media\/8277"}],"wp:attachment":[{"href":"https:\/\/bico.ee\/lt\/wp-json\/wp\/v2\/media?parent=14084"}],"wp:term":[{"taxonomy":"product_cat","embeddable":true,"href":"https:\/\/bico.ee\/lt\/wp-json\/wp\/v2\/product_cat?post=14084"},{"taxonomy":"product_tag","embeddable":true,"href":"https:\/\/bico.ee\/lt\/wp-json\/wp\/v2\/product_tag?post=14084"}],"curies":[{"name":"wp","href":"https:\/\/api.w.org\/{rel}","templated":true}]}}