{"id":14090,"date":"2026-04-10T18:43:55","date_gmt":"2026-04-10T18:43:55","guid":{"rendered":""},"modified":"2026-04-10T18:43:55","modified_gmt":"2026-04-10T18:43:55","slug":"bico-magik-koerte-siltide-hoimuliip-dt22","status":"publish","type":"product","link":"https:\/\/bico.ee\/lt\/p\/bico-magik-sunu-zymiu-kryzminis-genciu-pakabukas-dt22\/","title":{"rendered":"Bico &#8220;Magik&#8221; \u0161un\u0173 \u017eymi\u0173 kry\u017eminis gen\u010di\u0173 pakabukas (DT22)"},"content":{"rendered":"<p>Piktograma su gen\u010di\u0173 skoniu. <BR><UL><LI>Pavadinimas: Magikas <\/LI><LI>Reik\u0161m\u0117: Transcend \u201eReality Bico\u201c si\u016blo daugyb\u0119 matini\u0173 grandini\u0173, odini\u0173 virveli\u0173 ir pakabuk\u0173, kurie papildys \u0161\u012f pakabuk\u0105 Rankomis poliruoti sidabriniai \u0161un\u0173 \u017eymi\u0173 pakabu\u010diai su laisvai judan\u010diomis kilpomis. Pakabuko plotis: 2,5 cm Ilgis: 4,1 cm Kilpos skersmuo: 6 mm<\/p>","protected":false},"excerpt":{"rendered":"<p>DT22 825873052723<\/p>\n","protected":false},"featured_media":8295,"template":"","meta":[],"product_cat":[277,287],"product_tag":[],"_links":{"self":[{"href":"https:\/\/bico.ee\/lt\/wp-json\/wp\/v2\/product\/14090"}],"collection":[{"href":"https:\/\/bico.ee\/lt\/wp-json\/wp\/v2\/product"}],"about":[{"href":"https:\/\/bico.ee\/lt\/wp-json\/wp\/v2\/types\/product"}],"wp:featuredmedia":[{"embeddable":true,"href":"https:\/\/bico.ee\/lt\/wp-json\/wp\/v2\/media\/8295"}],"wp:attachment":[{"href":"https:\/\/bico.ee\/lt\/wp-json\/wp\/v2\/media?parent=14090"}],"wp:term":[{"taxonomy":"product_cat","embeddable":true,"href":"https:\/\/bico.ee\/lt\/wp-json\/wp\/v2\/product_cat?post=14090"},{"taxonomy":"product_tag","embeddable":true,"href":"https:\/\/bico.ee\/lt\/wp-json\/wp\/v2\/product_tag?post=14090"}],"curies":[{"name":"wp","href":"https:\/\/api.w.org\/{rel}","templated":true}]}}