{"id":14093,"date":"2026-04-10T18:43:55","date_gmt":"2026-04-10T18:43:55","guid":{"rendered":""},"modified":"2026-04-10T18:43:55","modified_gmt":"2026-04-10T18:43:55","slug":"bico-chimera-koerte-sildi-hoimuliip-dt25","status":"publish","type":"product","link":"https:\/\/bico.ee\/lt\/p\/bico-chimera-sunu-zymiu-genties-pakabukas-dt25\/","title":{"rendered":"Bico &#8220;Chimera&#8221; \u0161un\u0173 \u017eymi\u0173 genties pakabukas (DT25)&#8221;"},"content":{"rendered":"<p>Piktograma su gen\u010di\u0173 skoniu. <BR><UL><LI>Pavadinimas: Chimera <\/LI><LI>Reik\u0161m\u0117: Atsikratyti ligos Bico si\u016blo daugyb\u0119 matini\u0173 grandin\u0117li\u0173, odini\u0173 virveli\u0173 ir pakabuk\u0173, kurie papildys \u0161\u012f pakabuk\u0105 Rankomis poliruoto sidabro spalvos \u0161un\u0173 pakabuk\u0173 su laisvai judan\u010diomis kilpomis. Pakabuko plotis: 2,5 cm Ilgis: 4,1 cm Kilpos skersmuo: 6 mm<\/p>","protected":false},"excerpt":{"rendered":"<p>DT25 825873052815<\/p>\n","protected":false},"featured_media":8304,"template":"","meta":[],"product_cat":[277,287],"product_tag":[],"_links":{"self":[{"href":"https:\/\/bico.ee\/lt\/wp-json\/wp\/v2\/product\/14093"}],"collection":[{"href":"https:\/\/bico.ee\/lt\/wp-json\/wp\/v2\/product"}],"about":[{"href":"https:\/\/bico.ee\/lt\/wp-json\/wp\/v2\/types\/product"}],"wp:featuredmedia":[{"embeddable":true,"href":"https:\/\/bico.ee\/lt\/wp-json\/wp\/v2\/media\/8304"}],"wp:attachment":[{"href":"https:\/\/bico.ee\/lt\/wp-json\/wp\/v2\/media?parent=14093"}],"wp:term":[{"taxonomy":"product_cat","embeddable":true,"href":"https:\/\/bico.ee\/lt\/wp-json\/wp\/v2\/product_cat?post=14093"},{"taxonomy":"product_tag","embeddable":true,"href":"https:\/\/bico.ee\/lt\/wp-json\/wp\/v2\/product_tag?post=14093"}],"curies":[{"name":"wp","href":"https:\/\/api.w.org\/{rel}","templated":true}]}}