{"id":14095,"date":"2026-04-10T18:43:55","date_gmt":"2026-04-10T18:43:55","guid":{"rendered":""},"modified":"2026-04-10T18:43:55","modified_gmt":"2026-04-10T18:43:55","slug":"bico-troika-ripats-reguleeritava-nahkjuhtmega-co1","status":"publish","type":"product","link":"https:\/\/bico.ee\/lt\/p\/bico-pakaba-troika-su-reguliuojama-odine-virve-co1\/","title":{"rendered":"Bico  pakaba &#8220;Troika&#8221; su reguliuojama odine virve (CO1)"},"content":{"rendered":"<p>Skystas ir galingas dizainas su dailiu odiniu reguliuojamu laidu. <BR><UL><LI>Pavadinimas: Troika <\/LI><LI>Reik\u0161m\u0117: I\u0161mintis prie\u0161 kard\u0105 Kiekvienas CO pakabukas turi reguliuojam\u0105 2,5 mm u\u017epakalin\u0119 odin\u0119 virv\u0119. Ilgis gali b\u016bti pakoreguotas nuo 42 cm iki 80 cm grandin\u0117s. Pakabuko plotis: 2,8 cm, ilgis: 3 cm<\/p>","protected":false},"excerpt":{"rendered":"<p>CO1 825873033173<\/p>\n","protected":false},"featured_media":8310,"template":"","meta":[],"product_cat":[169],"product_tag":[],"_links":{"self":[{"href":"https:\/\/bico.ee\/lt\/wp-json\/wp\/v2\/product\/14095"}],"collection":[{"href":"https:\/\/bico.ee\/lt\/wp-json\/wp\/v2\/product"}],"about":[{"href":"https:\/\/bico.ee\/lt\/wp-json\/wp\/v2\/types\/product"}],"wp:featuredmedia":[{"embeddable":true,"href":"https:\/\/bico.ee\/lt\/wp-json\/wp\/v2\/media\/8310"}],"wp:attachment":[{"href":"https:\/\/bico.ee\/lt\/wp-json\/wp\/v2\/media?parent=14095"}],"wp:term":[{"taxonomy":"product_cat","embeddable":true,"href":"https:\/\/bico.ee\/lt\/wp-json\/wp\/v2\/product_cat?post=14095"},{"taxonomy":"product_tag","embeddable":true,"href":"https:\/\/bico.ee\/lt\/wp-json\/wp\/v2\/product_tag?post=14095"}],"curies":[{"name":"wp","href":"https:\/\/api.w.org\/{rel}","templated":true}]}}