{"id":14096,"date":"2026-04-10T18:43:55","date_gmt":"2026-04-10T18:43:55","guid":{"rendered":""},"modified":"2026-04-10T18:43:55","modified_gmt":"2026-04-10T18:43:55","slug":"bico-watcheri-ripats-reguleeritava-nahkjuhtmega-co3","status":"publish","type":"product","link":"https:\/\/bico.ee\/lt\/p\/bico-watcheri-pakabukas-su-reguliuojamu-odiniu-laidu-co3\/","title":{"rendered":"Bico &#8220;Watcheri&#8221; pakabukas su reguliuojamu odiniu laidu (CO3)"},"content":{"rendered":"<p>Skystas ir galingas dizainas su dailiu odiniu reguliuojamu laidu. <BR><UL><LI>Pavadinimas: Ronin <\/LI><LI>Reik\u0161m\u0117: Meistras, bet garbingas Kiekvienas CO pakabukas turi reguliuojam\u0105 2,5 mm u\u017epakalin\u0117s odos laid\u0105. Ilgis gali b\u016bti pakoreguotas nuo 42 cm iki 80 cm grandin\u0117s. Pakabuko plotis: 2,6 cm, ilgis: 2,9 cm<\/p>","protected":false},"excerpt":{"rendered":"<p>CO3 825873033197<\/p>\n","protected":false},"featured_media":8314,"template":"","meta":[],"product_cat":[169],"product_tag":[],"_links":{"self":[{"href":"https:\/\/bico.ee\/lt\/wp-json\/wp\/v2\/product\/14096"}],"collection":[{"href":"https:\/\/bico.ee\/lt\/wp-json\/wp\/v2\/product"}],"about":[{"href":"https:\/\/bico.ee\/lt\/wp-json\/wp\/v2\/types\/product"}],"wp:featuredmedia":[{"embeddable":true,"href":"https:\/\/bico.ee\/lt\/wp-json\/wp\/v2\/media\/8314"}],"wp:attachment":[{"href":"https:\/\/bico.ee\/lt\/wp-json\/wp\/v2\/media?parent=14096"}],"wp:term":[{"taxonomy":"product_cat","embeddable":true,"href":"https:\/\/bico.ee\/lt\/wp-json\/wp\/v2\/product_cat?post=14096"},{"taxonomy":"product_tag","embeddable":true,"href":"https:\/\/bico.ee\/lt\/wp-json\/wp\/v2\/product_tag?post=14096"}],"curies":[{"name":"wp","href":"https:\/\/api.w.org\/{rel}","templated":true}]}}