{"id":14097,"date":"2026-04-10T18:43:55","date_gmt":"2026-04-10T18:43:55","guid":{"rendered":""},"modified":"2026-04-10T18:43:55","modified_gmt":"2026-04-10T18:43:55","slug":"bico-senshi-ripats-reguleeritava-nahkjuhtmega-co4","status":"publish","type":"product","link":"https:\/\/bico.ee\/lt\/p\/bico-senshi-pakabukas-su-reguliuojama-odine-virve-co4\/","title":{"rendered":"Bico &#8220;Senshi&#8221; pakabukas su reguliuojama odine virve (CO4)"},"content":{"rendered":"<p>Skystas ir galingas dizainas su dailiu odiniu reguliuojamu laidu. <BR><UL><LI>Pavadinimas: Senshi <\/LI><LI>Reik\u0161m\u0117: kareivis ir auka Kiekvienas CO pakabukas turi reguliuojam\u0105 2,5 mm u\u017epakalin\u0117s odos laid\u0105. Ilgis gali b\u016bti pakoreguotas nuo 42 cm iki 80 cm grandin\u0117s. Pakabuko plotis: 2,4 cm, ilgis: 3,1 cm<\/p>","protected":false},"excerpt":{"rendered":"<p>CO4 825873033203<\/p>\n","protected":false},"featured_media":8318,"template":"","meta":[],"product_cat":[169],"product_tag":[],"_links":{"self":[{"href":"https:\/\/bico.ee\/lt\/wp-json\/wp\/v2\/product\/14097"}],"collection":[{"href":"https:\/\/bico.ee\/lt\/wp-json\/wp\/v2\/product"}],"about":[{"href":"https:\/\/bico.ee\/lt\/wp-json\/wp\/v2\/types\/product"}],"wp:featuredmedia":[{"embeddable":true,"href":"https:\/\/bico.ee\/lt\/wp-json\/wp\/v2\/media\/8318"}],"wp:attachment":[{"href":"https:\/\/bico.ee\/lt\/wp-json\/wp\/v2\/media?parent=14097"}],"wp:term":[{"taxonomy":"product_cat","embeddable":true,"href":"https:\/\/bico.ee\/lt\/wp-json\/wp\/v2\/product_cat?post=14097"},{"taxonomy":"product_tag","embeddable":true,"href":"https:\/\/bico.ee\/lt\/wp-json\/wp\/v2\/product_tag?post=14097"}],"curies":[{"name":"wp","href":"https:\/\/api.w.org\/{rel}","templated":true}]}}