{"id":14099,"date":"2026-04-10T18:43:55","date_gmt":"2026-04-10T18:43:55","guid":{"rendered":""},"modified":"2026-04-10T18:43:55","modified_gmt":"2026-04-10T18:43:55","slug":"bico-darius-ripats-reguleeritava-nahkjuhtmega-co7","status":"publish","type":"product","link":"https:\/\/bico.ee\/lt\/p\/bico-darius-pakabukas-su-reguliuojama-odine-virve-co7\/","title":{"rendered":"Bico &#8220;Darius&#8221; pakabukas su reguliuojama odine virve (CO7)"},"content":{"rendered":"<p>Skystas ir galingas dizainas su dailiu odiniu reguliuojamu laidu. <BR><UL><LI>Pavadinimas: Darius <\/LI><LI>Reik\u0161m\u0117: bebaimis i\u0161radingas Kiekvienas CO pakabukas turi reguliuojam\u0105 2,5 mm u\u017epakalin\u0119 odin\u0119 virv\u0119. Ilgis gali b\u016bti pakoreguotas nuo 42 cm iki 80 cm grandin\u0117s. Pakabuko plotis: 2,3 cm, ilgis: 3,6 cm<\/p>","protected":false},"excerpt":{"rendered":"<p>CO7 825873033876<\/p>\n","protected":false},"featured_media":8326,"template":"","meta":[],"product_cat":[169],"product_tag":[],"_links":{"self":[{"href":"https:\/\/bico.ee\/lt\/wp-json\/wp\/v2\/product\/14099"}],"collection":[{"href":"https:\/\/bico.ee\/lt\/wp-json\/wp\/v2\/product"}],"about":[{"href":"https:\/\/bico.ee\/lt\/wp-json\/wp\/v2\/types\/product"}],"wp:featuredmedia":[{"embeddable":true,"href":"https:\/\/bico.ee\/lt\/wp-json\/wp\/v2\/media\/8326"}],"wp:attachment":[{"href":"https:\/\/bico.ee\/lt\/wp-json\/wp\/v2\/media?parent=14099"}],"wp:term":[{"taxonomy":"product_cat","embeddable":true,"href":"https:\/\/bico.ee\/lt\/wp-json\/wp\/v2\/product_cat?post=14099"},{"taxonomy":"product_tag","embeddable":true,"href":"https:\/\/bico.ee\/lt\/wp-json\/wp\/v2\/product_tag?post=14099"}],"curies":[{"name":"wp","href":"https:\/\/api.w.org\/{rel}","templated":true}]}}