{"id":14100,"date":"2026-04-10T18:43:55","date_gmt":"2026-04-10T18:43:55","guid":{"rendered":""},"modified":"2026-04-10T18:43:55","modified_gmt":"2026-04-10T18:43:55","slug":"bico-behrouz-ripats-reguleeritava-nahkjuhtmega-co11","status":"publish","type":"product","link":"https:\/\/bico.ee\/lt\/p\/bico-behrouz-pakabukas-su-reguliuojamu-odiniu-laidu-co11\/","title":{"rendered":"Bico &#8220;Behrouz&#8221; pakabukas su reguliuojamu odiniu laidu (CO11)"},"content":{"rendered":"<p>Skystas ir galingas dizainas su dailiu odiniu reguliuojamu laidu. <BR><UL><LI>Pavadinimas: Behrouz <\/LI><LI>Reik\u0161m\u0117: \u017eavus ir laimingas Kiekvienas CO pakabukas turi reguliuojam\u0105 2,5 mm u\u017epakalin\u0117s odos laid\u0105. Ilgis gali b\u016bti pakoreguotas nuo 42 cm iki 80 cm grandin\u0117s. Pakabuko plotis: 2,5 cm, ilgis: 3,2 cm<\/p>","protected":false},"excerpt":{"rendered":"<p>CO11 825873033913<\/p>\n","protected":false},"featured_media":8330,"template":"","meta":[],"product_cat":[169],"product_tag":[],"_links":{"self":[{"href":"https:\/\/bico.ee\/lt\/wp-json\/wp\/v2\/product\/14100"}],"collection":[{"href":"https:\/\/bico.ee\/lt\/wp-json\/wp\/v2\/product"}],"about":[{"href":"https:\/\/bico.ee\/lt\/wp-json\/wp\/v2\/types\/product"}],"wp:featuredmedia":[{"embeddable":true,"href":"https:\/\/bico.ee\/lt\/wp-json\/wp\/v2\/media\/8330"}],"wp:attachment":[{"href":"https:\/\/bico.ee\/lt\/wp-json\/wp\/v2\/media?parent=14100"}],"wp:term":[{"taxonomy":"product_cat","embeddable":true,"href":"https:\/\/bico.ee\/lt\/wp-json\/wp\/v2\/product_cat?post=14100"},{"taxonomy":"product_tag","embeddable":true,"href":"https:\/\/bico.ee\/lt\/wp-json\/wp\/v2\/product_tag?post=14100"}],"curies":[{"name":"wp","href":"https:\/\/api.w.org\/{rel}","templated":true}]}}