{"id":14101,"date":"2026-04-10T18:43:55","date_gmt":"2026-04-10T18:43:55","guid":{"rendered":""},"modified":"2026-04-10T18:43:55","modified_gmt":"2026-04-10T18:43:55","slug":"bico-akieal-ripats-reguleeritava-nahkjuhtmega-co12","status":"publish","type":"product","link":"https:\/\/bico.ee\/lt\/p\/bico-akieal-pakabukas-su-reguliuojama-odine-virvele-co12\/","title":{"rendered":"Bico &#8220;Akieal&#8221; pakabukas su reguliuojama odine virvele (CO12)"},"content":{"rendered":"<p>Skystas ir galingas dizainas su dailiu odiniu reguliuojamu laidu. <BR><UL><LI>Pavadinimas: Akieal <\/LI><LI>Reik\u0161m\u0117: \u012e\u017evalgumas Supratimas Kiekvienas CO pakabukas turi reguliuojam\u0105 2,5 mm u\u017epakalin\u0117s odos laid\u0105. Ilgis gali b\u016bti pakoreguotas nuo 42 cm iki 80 cm grandin\u0117s. Pakabuko plotis: 2 cm, ilgis: 3,8 cm<\/p>","protected":false},"excerpt":{"rendered":"<p>CO12 825873033920<\/p>\n","protected":false},"featured_media":8334,"template":"","meta":[],"product_cat":[169],"product_tag":[],"_links":{"self":[{"href":"https:\/\/bico.ee\/lt\/wp-json\/wp\/v2\/product\/14101"}],"collection":[{"href":"https:\/\/bico.ee\/lt\/wp-json\/wp\/v2\/product"}],"about":[{"href":"https:\/\/bico.ee\/lt\/wp-json\/wp\/v2\/types\/product"}],"wp:featuredmedia":[{"embeddable":true,"href":"https:\/\/bico.ee\/lt\/wp-json\/wp\/v2\/media\/8334"}],"wp:attachment":[{"href":"https:\/\/bico.ee\/lt\/wp-json\/wp\/v2\/media?parent=14101"}],"wp:term":[{"taxonomy":"product_cat","embeddable":true,"href":"https:\/\/bico.ee\/lt\/wp-json\/wp\/v2\/product_cat?post=14101"},{"taxonomy":"product_tag","embeddable":true,"href":"https:\/\/bico.ee\/lt\/wp-json\/wp\/v2\/product_tag?post=14101"}],"curies":[{"name":"wp","href":"https:\/\/api.w.org\/{rel}","templated":true}]}}