{"id":14102,"date":"2026-04-10T18:43:55","date_gmt":"2026-04-10T18:43:55","guid":{"rendered":""},"modified":"2026-04-10T18:43:55","modified_gmt":"2026-04-10T18:43:55","slug":"bico-fossil-ripats-reguleeritava-nahkjuhtmega-co13","status":"publish","type":"product","link":"https:\/\/bico.ee\/lt\/p\/bico-fossil-pakabukas-su-reguliuojamu-odos-virvele-co13\/","title":{"rendered":"Bico &#8220;Fossil&#8221; pakabukas su reguliuojamu odos virvele (CO13)"},"content":{"rendered":"<p>Skystas ir galingas dizainas su dailiu odiniu reguliuojamu laidu. <BR><UL><LI>Pavadinimas: i\u0161kastinis <\/LI><LI>Reik\u0161m\u0117: am\u017eius ir prie\u017eastis, kilnus Kiekvienas CO pakabukas turi reguliuojam\u0105 2,5 mm u\u017epakalin\u0119 odin\u0119 virv\u0119. Ilgis gali b\u016bti pakoreguotas nuo 42 cm iki 80 cm grandin\u0117s. Pakabuko plotis: 2,6 cm, ilgis: 3,2 cm<\/p>","protected":false},"excerpt":{"rendered":"<p>CO13 825873033937<\/p>\n","protected":false},"featured_media":8338,"template":"","meta":[],"product_cat":[169],"product_tag":[],"_links":{"self":[{"href":"https:\/\/bico.ee\/lt\/wp-json\/wp\/v2\/product\/14102"}],"collection":[{"href":"https:\/\/bico.ee\/lt\/wp-json\/wp\/v2\/product"}],"about":[{"href":"https:\/\/bico.ee\/lt\/wp-json\/wp\/v2\/types\/product"}],"wp:featuredmedia":[{"embeddable":true,"href":"https:\/\/bico.ee\/lt\/wp-json\/wp\/v2\/media\/8338"}],"wp:attachment":[{"href":"https:\/\/bico.ee\/lt\/wp-json\/wp\/v2\/media?parent=14102"}],"wp:term":[{"taxonomy":"product_cat","embeddable":true,"href":"https:\/\/bico.ee\/lt\/wp-json\/wp\/v2\/product_cat?post=14102"},{"taxonomy":"product_tag","embeddable":true,"href":"https:\/\/bico.ee\/lt\/wp-json\/wp\/v2\/product_tag?post=14102"}],"curies":[{"name":"wp","href":"https:\/\/api.w.org\/{rel}","templated":true}]}}