{"id":14104,"date":"2026-04-10T18:43:55","date_gmt":"2026-04-10T18:43:55","guid":{"rendered":""},"modified":"2026-04-10T18:43:55","modified_gmt":"2026-04-10T18:43:55","slug":"bico-trikoru-maoori-stiilis-hoimuripats-mis-on-solmitud-kasitsi-kootud-nooriga-sr1","status":"publish","type":"product","link":"https:\/\/bico.ee\/lt\/p\/bico-trikoru-maoriu-stiliaus-genciu-pakabukas-susuktas-i-rankomis-austas-virves-sr1\/","title":{"rendered":"Bico &#8220;Trikoru&#8221; maori\u0173 stiliaus gen\u010di\u0173 pakabukas, susuktas \u012f rankomis austas virves (SR1)"},"content":{"rendered":"<p>\u012ekv\u0117ptas Ramiojo vandenyno kult\u016br\u0173, dizaino kolekcija, integruota su rankomis austu ir rankomis mezgtu virvele, pagaminta tradiciniu stiliumi. <BR><UL><LI>Pavadinimas: Trikoru <\/LI><LI>Reik\u0161m\u0117: naujas gyvenimas, taika ir ramyb\u0117 Kiekvienas SR pakabukas yra su 54 cm rankomis austa medvilnine virvele. Rankomis poliruoto sidabro arba juodos spalvos alavo pakabukas su unikalia apsaugine danga. Pakabuko plotis: 3,2 cm, ilgis: 3,2 cm<\/p>","protected":false},"excerpt":{"rendered":"<p>SR1 825873060148<\/p>\n","protected":false},"featured_media":8346,"template":"","meta":[],"product_cat":[169],"product_tag":[],"_links":{"self":[{"href":"https:\/\/bico.ee\/lt\/wp-json\/wp\/v2\/product\/14104"}],"collection":[{"href":"https:\/\/bico.ee\/lt\/wp-json\/wp\/v2\/product"}],"about":[{"href":"https:\/\/bico.ee\/lt\/wp-json\/wp\/v2\/types\/product"}],"wp:featuredmedia":[{"embeddable":true,"href":"https:\/\/bico.ee\/lt\/wp-json\/wp\/v2\/media\/8346"}],"wp:attachment":[{"href":"https:\/\/bico.ee\/lt\/wp-json\/wp\/v2\/media?parent=14104"}],"wp:term":[{"taxonomy":"product_cat","embeddable":true,"href":"https:\/\/bico.ee\/lt\/wp-json\/wp\/v2\/product_cat?post=14104"},{"taxonomy":"product_tag","embeddable":true,"href":"https:\/\/bico.ee\/lt\/wp-json\/wp\/v2\/product_tag?post=14104"}],"curies":[{"name":"wp","href":"https:\/\/api.w.org\/{rel}","templated":true}]}}