{"id":14105,"date":"2026-04-10T18:43:55","date_gmt":"2026-04-10T18:43:55","guid":{"rendered":""},"modified":"2026-04-10T18:43:55","modified_gmt":"2026-04-10T18:43:55","slug":"bico-umbritsev-sonajalg-maoori-stiilis-hoimuripats-mis-on-solmitud-kasitsi-kootud-nooriga-sr4","status":"publish","type":"product","link":"https:\/\/bico.ee\/lt\/p\/bico-apimantis-paparcio-maoriu-stiliaus-genciu-pakabukas-susuktas-i-rankomis-austas-virves-sr4\/","title":{"rendered":"Bico &#8220;Apimantis papar\u010dio&#8221; maori\u0173 stiliaus gen\u010di\u0173 pakabukas, susuktas \u012f rankomis austas virves (SR4)"},"content":{"rendered":"<p>\u012ekv\u0117ptas Ramiojo vandenyno kult\u016br\u0173, dizaino kolekcija, integruota su rankomis austu ir rankomis mezgtu virvele, pagaminta tradiciniu stiliumi. <BR><UL><LI>Pavadinimas: apimantis papar\u010diai <\/LI><LI>Reik\u0161m\u0117: pri\u017ei\u016brimas ir vedamas per gyvenim\u0105 Kiekvienas SR pakabukas yra su 54 cm rankomis austa medvilnine virvele, rankiniu b\u016bdu \u0161lifuoto sidabro arba juodos spalvos alavo pakabuku su unikalia apsaugine danga. Pakabuko plotis: 2,7 cm, ilgis: 4,4 cm<\/p>","protected":false},"excerpt":{"rendered":"<p>SR4 825873060179<\/p>\n","protected":false},"featured_media":8350,"template":"","meta":[],"product_cat":[169],"product_tag":[],"_links":{"self":[{"href":"https:\/\/bico.ee\/lt\/wp-json\/wp\/v2\/product\/14105"}],"collection":[{"href":"https:\/\/bico.ee\/lt\/wp-json\/wp\/v2\/product"}],"about":[{"href":"https:\/\/bico.ee\/lt\/wp-json\/wp\/v2\/types\/product"}],"wp:featuredmedia":[{"embeddable":true,"href":"https:\/\/bico.ee\/lt\/wp-json\/wp\/v2\/media\/8350"}],"wp:attachment":[{"href":"https:\/\/bico.ee\/lt\/wp-json\/wp\/v2\/media?parent=14105"}],"wp:term":[{"taxonomy":"product_cat","embeddable":true,"href":"https:\/\/bico.ee\/lt\/wp-json\/wp\/v2\/product_cat?post=14105"},{"taxonomy":"product_tag","embeddable":true,"href":"https:\/\/bico.ee\/lt\/wp-json\/wp\/v2\/product_tag?post=14105"}],"curies":[{"name":"wp","href":"https:\/\/api.w.org\/{rel}","templated":true}]}}