{"id":14106,"date":"2026-04-10T18:43:55","date_gmt":"2026-04-10T18:43:55","guid":{"rendered":""},"modified":"2026-04-10T18:43:55","modified_gmt":"2026-04-10T18:43:55","slug":"bico-laka-voyager-maoori-stiilis-hoimuripats-mis-on-solmitud-kasitsi-kootud-nooriga-sr5","status":"publish","type":"product","link":"https:\/\/bico.ee\/lt\/p\/bico-laka-voyager-maoriu-stiliaus-genciu-pakabukas-susuktas-i-rankomis-austas-virves-sr5\/","title":{"rendered":"Bico &#8220;Laka Voyager&#8221; maori\u0173 stiliaus gen\u010di\u0173 pakabukas, susuktas \u012f rankomis austas virves (SR5)"},"content":{"rendered":"<p>\u012ekv\u0117ptas Ramiojo vandenyno kult\u016br\u0173, dizaino kolekcija, integruota su rankomis austu ir rankomis mezgtu virvele, pagaminta tradiciniu stiliumi. <BR><UL><LI>Pavadinimas: \u201eLaka Voyager\u201c <\/LI><LI>Reik\u0161m\u0117: laukia vandenynai ir tolimos \u017eem\u0117s Kiekvieno SR pakabuko komplekte yra 54 cm rankomis austas medvilninis kordas, rankomis poliruoto sidabro arba juodos spalvos alavo pakabukas su unikalia apsaugine danga. Pakabuko plotis: 2 cm, ilgis: 4,6 cm<\/p>","protected":false},"excerpt":{"rendered":"<p>SR5 825873060186<\/p>\n","protected":false},"featured_media":8354,"template":"","meta":[],"product_cat":[169],"product_tag":[],"_links":{"self":[{"href":"https:\/\/bico.ee\/lt\/wp-json\/wp\/v2\/product\/14106"}],"collection":[{"href":"https:\/\/bico.ee\/lt\/wp-json\/wp\/v2\/product"}],"about":[{"href":"https:\/\/bico.ee\/lt\/wp-json\/wp\/v2\/types\/product"}],"wp:featuredmedia":[{"embeddable":true,"href":"https:\/\/bico.ee\/lt\/wp-json\/wp\/v2\/media\/8354"}],"wp:attachment":[{"href":"https:\/\/bico.ee\/lt\/wp-json\/wp\/v2\/media?parent=14106"}],"wp:term":[{"taxonomy":"product_cat","embeddable":true,"href":"https:\/\/bico.ee\/lt\/wp-json\/wp\/v2\/product_cat?post=14106"},{"taxonomy":"product_tag","embeddable":true,"href":"https:\/\/bico.ee\/lt\/wp-json\/wp\/v2\/product_tag?post=14106"}],"curies":[{"name":"wp","href":"https:\/\/api.w.org\/{rel}","templated":true}]}}