{"id":14108,"date":"2026-04-10T18:43:55","date_gmt":"2026-04-10T18:43:55","guid":{"rendered":""},"modified":"2026-04-10T18:43:55","modified_gmt":"2026-04-10T18:43:55","slug":"bico-matua-natuica-maoori-stiilis-hoimuripats-mis-on-solmitud-kasitsi-kootud-nooriga-sr9","status":"publish","type":"product","link":"https:\/\/bico.ee\/lt\/p\/bico-matua-natuica-maoriu-stiliaus-genciu-pakabukas-susuktas-i-rankomis-austas-virves-sr9\/","title":{"rendered":"Bico &#8220;Matua Natuica&#8221; maori\u0173 stiliaus gen\u010di\u0173 pakabukas, susuktas \u012f rankomis austas virves (SR9)"},"content":{"rendered":"<p>\u012ekv\u0117ptas Ramiojo vandenyno kult\u016br\u0173, dizaino kolekcija, integruota su rankomis austu ir rankomis mezgtu virvele, pagaminta tradiciniu stiliumi. <BR><UL><LI>Pavadinimas: Matua Natuica <\/LI><LI>Reik\u0161m\u0117: \u017einios apie vandenyn\u0105, kryptinga kryptis Kiekvienas SR pakabukas yra su 54 cm rankomis austa medvilnine virvele, rankiniu b\u016bdu \u0161lifuoto sidabro arba juodos spalvos alavo pakabuku su unikalia apsaugine danga. Pakabuko plotis: 2,5 cm, ilgis: 5,2 cm<\/p>","protected":false},"excerpt":{"rendered":"<p>SR9 825873060223<\/p>\n","protected":false},"featured_media":8361,"template":"","meta":[],"product_cat":[169],"product_tag":[],"_links":{"self":[{"href":"https:\/\/bico.ee\/lt\/wp-json\/wp\/v2\/product\/14108"}],"collection":[{"href":"https:\/\/bico.ee\/lt\/wp-json\/wp\/v2\/product"}],"about":[{"href":"https:\/\/bico.ee\/lt\/wp-json\/wp\/v2\/types\/product"}],"wp:featuredmedia":[{"embeddable":true,"href":"https:\/\/bico.ee\/lt\/wp-json\/wp\/v2\/media\/8361"}],"wp:attachment":[{"href":"https:\/\/bico.ee\/lt\/wp-json\/wp\/v2\/media?parent=14108"}],"wp:term":[{"taxonomy":"product_cat","embeddable":true,"href":"https:\/\/bico.ee\/lt\/wp-json\/wp\/v2\/product_cat?post=14108"},{"taxonomy":"product_tag","embeddable":true,"href":"https:\/\/bico.ee\/lt\/wp-json\/wp\/v2\/product_tag?post=14108"}],"curies":[{"name":"wp","href":"https:\/\/api.w.org\/{rel}","templated":true}]}}