{"id":14109,"date":"2026-04-10T18:43:55","date_gmt":"2026-04-10T18:43:55","guid":{"rendered":""},"modified":"2026-04-10T18:43:55","modified_gmt":"2026-04-10T18:43:55","slug":"bico-toki-mana-maoori-stiilis-hoimuripats-mis-on-solmitud-kasitsi-kootud-nooriga-sr11","status":"publish","type":"product","link":"https:\/\/bico.ee\/lt\/p\/bico-toki-mana-maoriu-stiliaus-genciu-pakabukas-susuktas-i-rankomis-austa-virvele-sr11\/","title":{"rendered":"Bico &#8220;Toki Mana&#8221; maori\u0173 stiliaus gen\u010di\u0173 pakabukas, susuktas \u012f rankomis aust\u0105 virvel\u0119 (SR11)"},"content":{"rendered":"<p>\u012ekv\u0117ptas Ramiojo vandenyno kult\u016br\u0173, dizaino kolekcija, integruota su rankomis austu ir rankomis mezgtu virvele, pagaminta tradiciniu stiliumi. <BR><UL><LI>Pavadinimas: Toki Mana <\/LI><LI>Reik\u0161m\u0117: Dr\u0105sa nelaim\u0117s metu, i\u0161tverm\u0117 Kiekvienas SR pakabukas yra su 54 cm rankomis austa medvilnine virvele, rankiniu b\u016bdu \u0161lifuoto sidabro arba juodos spalvos alavo pakabuku su unikalia apsaugine danga. Pakabuko plotis: 2,4 cm, ilgis: 5,7 cm<\/p>","protected":false},"excerpt":{"rendered":"<p>SR11 825873060247<\/p>\n","protected":false},"featured_media":8365,"template":"","meta":[],"product_cat":[169],"product_tag":[],"_links":{"self":[{"href":"https:\/\/bico.ee\/lt\/wp-json\/wp\/v2\/product\/14109"}],"collection":[{"href":"https:\/\/bico.ee\/lt\/wp-json\/wp\/v2\/product"}],"about":[{"href":"https:\/\/bico.ee\/lt\/wp-json\/wp\/v2\/types\/product"}],"wp:featuredmedia":[{"embeddable":true,"href":"https:\/\/bico.ee\/lt\/wp-json\/wp\/v2\/media\/8365"}],"wp:attachment":[{"href":"https:\/\/bico.ee\/lt\/wp-json\/wp\/v2\/media?parent=14109"}],"wp:term":[{"taxonomy":"product_cat","embeddable":true,"href":"https:\/\/bico.ee\/lt\/wp-json\/wp\/v2\/product_cat?post=14109"},{"taxonomy":"product_tag","embeddable":true,"href":"https:\/\/bico.ee\/lt\/wp-json\/wp\/v2\/product_tag?post=14109"}],"curies":[{"name":"wp","href":"https:\/\/api.w.org\/{rel}","templated":true}]}}