{"id":14112,"date":"2026-04-10T18:43:55","date_gmt":"2026-04-10T18:43:55","guid":{"rendered":""},"modified":"2026-04-10T18:43:55","modified_gmt":"2026-04-10T18:43:55","slug":"bico-oritame-maoori-stiilis-hoimuripats-mis-on-solmitud-kasitsi-kootud-nooriga-sr14","status":"publish","type":"product","link":"https:\/\/bico.ee\/lt\/p\/bico-oritame-maoriu-stiliaus-genciu-pakabukas-susuktas-i-rankomis-austa-virvele-sr14\/","title":{"rendered":"Bico &#8220;Oritame&#8221; maori\u0173 stiliaus gen\u010di\u0173 pakabukas, susuktas \u012f rankomis aust\u0105 virvel\u0119 (SR14)"},"content":{"rendered":"<p>\u012ekv\u0117ptas Ramiojo vandenyno kult\u016br\u0173, dizaino kolekcija, integruota su rankomis austu ir rankomis mezgtu virvele, pagaminta tradiciniu stiliumi. <BR><UL><LI>Pavadinimas: \u201eOritame\u201c <\/LI><LI>Reik\u0161m\u0117: \u201eCulture Warrior\u201c, \u201eThe Song Of Power\u201c Kiekviename SR pakabutyje yra 54 cm rankomis austas medvilninis laidas, rankomis poliruoto sidabro arba juodos spalvos alavo pakabukas su unikalia apsaugine danga. Pakabuko plotis: 3,5 cm Ilgis: 3,5 cm<\/p>","protected":false},"excerpt":{"rendered":"<p>SR14 825873060278<\/p>\n","protected":false},"featured_media":8377,"template":"","meta":[],"product_cat":[169],"product_tag":[],"_links":{"self":[{"href":"https:\/\/bico.ee\/lt\/wp-json\/wp\/v2\/product\/14112"}],"collection":[{"href":"https:\/\/bico.ee\/lt\/wp-json\/wp\/v2\/product"}],"about":[{"href":"https:\/\/bico.ee\/lt\/wp-json\/wp\/v2\/types\/product"}],"wp:featuredmedia":[{"embeddable":true,"href":"https:\/\/bico.ee\/lt\/wp-json\/wp\/v2\/media\/8377"}],"wp:attachment":[{"href":"https:\/\/bico.ee\/lt\/wp-json\/wp\/v2\/media?parent=14112"}],"wp:term":[{"taxonomy":"product_cat","embeddable":true,"href":"https:\/\/bico.ee\/lt\/wp-json\/wp\/v2\/product_cat?post=14112"},{"taxonomy":"product_tag","embeddable":true,"href":"https:\/\/bico.ee\/lt\/wp-json\/wp\/v2\/product_tag?post=14112"}],"curies":[{"name":"wp","href":"https:\/\/api.w.org\/{rel}","templated":true}]}}