{"id":14115,"date":"2026-04-10T18:43:55","date_gmt":"2026-04-10T18:43:55","guid":{"rendered":""},"modified":"2026-04-10T18:43:55","modified_gmt":"2026-04-10T18:43:55","slug":"bico-tuli-maoori-stiilis-hoimuripats-mis-on-solmitud-kasitsi-kootud-nooriga-sr20","status":"publish","type":"product","link":"https:\/\/bico.ee\/lt\/p\/bico-tuli-maoriu-stiliaus-genciu-pakabukas-susipynes-rankomis-austa-virvele-sr20\/","title":{"rendered":"Bico &#8220;Tuli&#8221; maori\u0173 stiliaus gen\u010di\u0173 pakabukas, susipyn\u0119s rankomis austa virvele (SR20)"},"content":{"rendered":"<p>\u012ekv\u0117ptas Ramiojo vandenyno kult\u016br\u0173, dizaino kolekcija, integruota su rankomis austu ir rankomis mezgtu virvele, pagaminta tradiciniu stiliumi. <BR><UL><LI>Pavadinimas: Tulis <\/LI><LI>Reik\u0161m\u0117: Pauk\u0161\u010di\u0173 pasiuntinys Kiekvienas SR pakabukas yra su 54 cm rankomis austa medvilnine virvele. Rankomis poliruoto sidabro arba juodos spalvos alavo pakabukas su unikalia apsaugine danga. Pakabuko plotis: 2,9 cm, ilgis: 4,5 cm<\/p>","protected":false},"excerpt":{"rendered":"<p>SR20 825873060339<\/p>\n","protected":false},"featured_media":8387,"template":"","meta":[],"product_cat":[169],"product_tag":[],"_links":{"self":[{"href":"https:\/\/bico.ee\/lt\/wp-json\/wp\/v2\/product\/14115"}],"collection":[{"href":"https:\/\/bico.ee\/lt\/wp-json\/wp\/v2\/product"}],"about":[{"href":"https:\/\/bico.ee\/lt\/wp-json\/wp\/v2\/types\/product"}],"wp:featuredmedia":[{"embeddable":true,"href":"https:\/\/bico.ee\/lt\/wp-json\/wp\/v2\/media\/8387"}],"wp:attachment":[{"href":"https:\/\/bico.ee\/lt\/wp-json\/wp\/v2\/media?parent=14115"}],"wp:term":[{"taxonomy":"product_cat","embeddable":true,"href":"https:\/\/bico.ee\/lt\/wp-json\/wp\/v2\/product_cat?post=14115"},{"taxonomy":"product_tag","embeddable":true,"href":"https:\/\/bico.ee\/lt\/wp-json\/wp\/v2\/product_tag?post=14115"}],"curies":[{"name":"wp","href":"https:\/\/api.w.org\/{rel}","templated":true}]}}