{"id":14146,"date":"2026-04-10T18:43:55","date_gmt":"2026-04-10T18:43:55","guid":{"rendered":""},"modified":"2026-04-10T18:43:55","modified_gmt":"2026-04-10T18:43:55","slug":"bico-lumelaua-satiin-hobedane-viimistletud-lumelaua-ripats-e71","status":"publish","type":"product","link":"https:\/\/bico.ee\/lt\/p\/bico-snowboard-satino-sidabro-spalvos-sniego-lentos-pakabukas-e71\/","title":{"rendered":"Bico &#8220;Snowboard&#8221; satino sidabro spalvos sniego lentos pakabukas (E71)"},"content":{"rendered":"<p>Tai dalis nesenstan\u010dio Bico pakabuk\u0173 asortimento. <BR><UL><LI>Pavadinimas: Snieglent\u0117 <\/LI><LI>Reik\u0161m\u0117: aistra grei\u010diui ir gyvenimo nuotykiams <\/LI><LI>\u201eBico\u201c si\u016blo daugyb\u0119 matini\u0173 grandin\u0117li\u0173, odini\u0173 virveli\u0173 ir pakabuk\u0173, kurie papildys \u0161\u012f pakabuk\u0105 Rankomis poliruoto sidabro spalvos alavo pakabukas su unikalia apsaugine danga. Pakabuko plotis: 0,7 cm, ilgis: 3,5 cm, kilpos skersmuo: 6,5 mm<\/p>","protected":false},"excerpt":{"rendered":"<p>E71 825873000427<\/p>\n","protected":false},"featured_media":8483,"template":"","meta":[],"product_cat":[277,300],"product_tag":[],"_links":{"self":[{"href":"https:\/\/bico.ee\/lt\/wp-json\/wp\/v2\/product\/14146"}],"collection":[{"href":"https:\/\/bico.ee\/lt\/wp-json\/wp\/v2\/product"}],"about":[{"href":"https:\/\/bico.ee\/lt\/wp-json\/wp\/v2\/types\/product"}],"wp:featuredmedia":[{"embeddable":true,"href":"https:\/\/bico.ee\/lt\/wp-json\/wp\/v2\/media\/8483"}],"wp:attachment":[{"href":"https:\/\/bico.ee\/lt\/wp-json\/wp\/v2\/media?parent=14146"}],"wp:term":[{"taxonomy":"product_cat","embeddable":true,"href":"https:\/\/bico.ee\/lt\/wp-json\/wp\/v2\/product_cat?post=14146"},{"taxonomy":"product_tag","embeddable":true,"href":"https:\/\/bico.ee\/lt\/wp-json\/wp\/v2\/product_tag?post=14146"}],"curies":[{"name":"wp","href":"https:\/\/api.w.org\/{rel}","templated":true}]}}