{"id":14176,"date":"2026-04-10T18:43:55","date_gmt":"2026-04-10T18:43:55","guid":{"rendered":""},"modified":"2026-04-10T18:43:55","modified_gmt":"2026-04-10T18:43:55","slug":"bico-fitchee-cross-satiin-hobedane-viimistletud-ripats-e142","status":"publish","type":"product","link":"https:\/\/bico.ee\/lt\/p\/bico-fitchee-cross-sidabro-spalvos-pakabukas-e142\/","title":{"rendered":"Bico &#8220;Fitchee Cross&#8221; sidabro spalvos pakabukas (E142)"},"content":{"rendered":"<p>Tai dalis nesenstan\u010dio Bico pakabuk\u0173 asortimento. <BR><UL><LI>Pavadinimas: \u201eFitchee Cross\u201c <\/LI><LI>Reik\u0161m\u0117: \u201eThe Soul Bico\u201c si\u016blo tik\u0117jimo pj\u016bvius ir matines grandines, odines virves ir pakabu\u010dius, kurie papildys \u0161\u012f pakabuk\u0105 Rankomis poliruoto sidabro spalvos alavo pakabuk\u0105 su unikalia apsaugine danga. Pakabuko plotis: 3,1 cm, ilgis: 4,1 cm, kilpos skersmuo: 9 mm<\/p>","protected":false},"excerpt":{"rendered":"<p>E142 825873001004<\/p>\n","protected":false},"featured_media":8574,"template":"","meta":[],"product_cat":[277,300],"product_tag":[],"_links":{"self":[{"href":"https:\/\/bico.ee\/lt\/wp-json\/wp\/v2\/product\/14176"}],"collection":[{"href":"https:\/\/bico.ee\/lt\/wp-json\/wp\/v2\/product"}],"about":[{"href":"https:\/\/bico.ee\/lt\/wp-json\/wp\/v2\/types\/product"}],"wp:featuredmedia":[{"embeddable":true,"href":"https:\/\/bico.ee\/lt\/wp-json\/wp\/v2\/media\/8574"}],"wp:attachment":[{"href":"https:\/\/bico.ee\/lt\/wp-json\/wp\/v2\/media?parent=14176"}],"wp:term":[{"taxonomy":"product_cat","embeddable":true,"href":"https:\/\/bico.ee\/lt\/wp-json\/wp\/v2\/product_cat?post=14176"},{"taxonomy":"product_tag","embeddable":true,"href":"https:\/\/bico.ee\/lt\/wp-json\/wp\/v2\/product_tag?post=14176"}],"curies":[{"name":"wp","href":"https:\/\/api.w.org\/{rel}","templated":true}]}}